{"id":9654,"date":"2021-08-25T10:02:53","date_gmt":"2021-08-25T14:02:53","guid":{"rendered":"https:\/\/www.pepinfortin.com\/?page_id=9654"},"modified":"2026-02-02T10:32:12","modified_gmt":"2026-02-02T15:32:12","slug":"carrieres","status":"publish","type":"page","link":"https:\/\/www.pepinfortin.com\/fr\/carrieres\/","title":{"rendered":"Carri\u00e8res"},"content":{"rendered":"\t\t<div data-elementor-type=\"wp-page\" data-elementor-id=\"9654\" class=\"elementor elementor-9654\">\n\t\t\t\t\t\t<section class=\"elementor-section elementor-top-section elementor-element elementor-element-289bf79 mkdf-elementor-row-grid-section elementor-section-boxed elementor-section-height-default elementor-section-height-default mkdf-parallax-row-no mkdf-content-aligment-left mkdf-disabled-bg-image-bellow-no mkdf-row-btt-light\" data-id=\"289bf79\" data-element_type=\"section\" data-e-type=\"section\">\n\t\t\t\t\t\t<div class=\"elementor-container elementor-column-gap-default\">\n\t\t\t\t\t<div class=\"elementor-column elementor-col-100 elementor-top-column elementor-element elementor-element-fb8eb03\" data-id=\"fb8eb03\" data-element_type=\"column\" data-e-type=\"column\">\n\t\t\t<div class=\"elementor-widget-wrap elementor-element-populated\">\n\t\t\t\t\t\t<div class=\"elementor-element elementor-element-fd25ecf elementor-widget elementor-widget-mkdf_icon_with_text\" data-id=\"fd25ecf\" data-element_type=\"widget\" data-e-type=\"widget\" data-widget_type=\"mkdf_icon_with_text.default\">\n\t\t\t\t<div class=\"elementor-widget-container\">\n\t\t\t\t\t<div class=\"mkdf-iwt clearfix  mkdf-iwt-icon-top-centered mkdf-iwt-boxed mkdf-iwt-icon-medium\" >\n\t<div class=\"mkdf-iwt-icon\">\n\t\t\t\t\t<a itemprop=\"url\" href=\"https:\/\/www.pepinfortin.com\/fr\/carrieres\/#formulaire\" target=\"_self\">\n\t\t\t\t\t\t\t\t\t<img decoding=\"async\" width=\"80\" height=\"80\" src=\"https:\/\/www.pepinfortin.com\/wp-content\/uploads\/2019\/02\/h4-icon-02.png\" class=\"attachment-full size-full\" alt=\"a\" \/>                \t\t\t\t\t<\/a>\n\t\t\t<\/div>\n\t<div class=\"mkdf-iwt-content\" style=\"padding-top: px\">\n                    <p class=\"mkdf-iwt-caption\" >Postes disponibles<\/p>\n        \t\t\t\t\t<h4 class=\"mkdf-iwt-title\" style=\"margin-top: -4px\">\n\t\t\t\t\t\t\t\t\t<a itemprop=\"url\" href=\"https:\/\/www.pepinfortin.com\/fr\/carrieres\/#formulaire\" target=\"_self\">\n\t\t\t\t\t\t\t\t<span class=\"mkdf-iwt-title-text\">Victoriaville<\/span>\n\t\t\t\t\t\t\t\t\t<\/a>\n\t\t\t\t\t\t\t<\/h4>\n\t\t\t\t\t\t\t<p class=\"mkdf-iwt-text\" style=\"margin-top: 14px\">P\u00e9pin Fortin Construction recrute pour de nombreux postes \u00e0 pourvoir pour notre bureau de Victoriaville. Nous sommes \u00e0 la recherche de charpentiers-menuisiers, d&#039;op\u00e9rateurs, de contrema\u00eetres, de charg\u00e9s de projets, etc. Venez consultez nos offres d\u2019emploi bien r\u00e9mun\u00e9r\u00e9s et nos avantages.<\/p>\n\t\t\t<\/div>\n<\/div>\t\t\t\t<\/div>\n\t\t\t\t<\/div>\n\t\t\t\t\t<\/div>\n\t\t<\/div>\n\t\t\t\t\t<\/div>\n\t\t<\/section>\n\t\t\t\t<section class=\"elementor-section elementor-top-section elementor-element elementor-element-7edba51 elementor-section-boxed elementor-section-height-default elementor-section-height-default mkdf-parallax-row-no mkdf-content-aligment-left mkdf-elementor-row-grid-no mkdf-disabled-bg-image-bellow-no mkdf-row-btt-light\" data-id=\"7edba51\" data-element_type=\"section\" data-e-type=\"section\" id=\"formulaire\">\n\t\t\t\t\t\t<div class=\"elementor-container elementor-column-gap-default\">\n\t\t\t\t\t<div class=\"elementor-column elementor-col-100 elementor-top-column elementor-element elementor-element-c4bd564\" data-id=\"c4bd564\" data-element_type=\"column\" data-e-type=\"column\">\n\t\t\t<div class=\"elementor-widget-wrap elementor-element-populated\">\n\t\t\t\t\t\t<div class=\"elementor-element elementor-element-7d55b7a elementor-widget elementor-widget-heading\" data-id=\"7d55b7a\" data-element_type=\"widget\" data-e-type=\"widget\" data-widget_type=\"heading.default\">\n\t\t\t\t<div class=\"elementor-widget-container\">\n\t\t\t\t\t<h2 class=\"elementor-heading-title elementor-size-default\">Candidature spontan\u00e9e<\/h2>\t\t\t\t<\/div>\n\t\t\t\t<\/div>\n\t\t\t\t<div class=\"elementor-element elementor-element-f85d84f elementor-widget elementor-widget-html\" data-id=\"f85d84f\" data-element_type=\"widget\" data-e-type=\"widget\" data-widget_type=\"html.default\">\n\t\t\t\t<div class=\"elementor-widget-container\">\n\t\t\t\t\t<iframe src=\"https:\/\/mwsserver.com\/cvirtuose\/pepin_fortin_construction\/fr\/iframe\" frameborder=\"0\" width=\"100%\" height=\"1300\"><\/iframe>\t\t\t\t<\/div>\n\t\t\t\t<\/div>\n\t\t\t\t\t<\/div>\n\t\t<\/div>\n\t\t\t\t\t<\/div>\n\t\t<\/section>\n\t\t\t\t<\/div>\n\t\t","protected":false},"excerpt":{"rendered":"<p>Postes disponibles Victoriaville P\u00e9pin Fortin Construction recrute pour de nombreux postes \u00e0 pourvoir pour notre bureau de Victoriaville. Nous sommes \u00e0 la recherche de charpentiers-menuisiers, d&#039;op\u00e9rateurs, de contrema\u00eetres, de charg\u00e9s de projets, etc. Venez consultez nos offres d\u2019emploi bien r\u00e9mun\u00e9r\u00e9s [&hellip;]<\/p>\n","protected":false},"author":2,"featured_media":0,"parent":0,"menu_order":0,"comment_status":"closed","ping_status":"closed","template":"","meta":{"footnotes":""},"class_list":["post-9654","page","type-page","status-publish","hentry"],"yoast_head":"<!-- This site is optimized with the Yoast SEO plugin v27.6 - https:\/\/yoast.com\/product\/yoast-seo-wordpress\/ -->\n<title>Carri\u00e8res - P\u00e9pin Fortin Construction<\/title>\n<meta name=\"robots\" content=\"index, follow, max-snippet:-1, max-image-preview:large, max-video-preview:-1\" \/>\n<link rel=\"canonical\" href=\"https:\/\/www.pepinfortin.com\/fr\/carrieres\/\" \/>\n<meta property=\"og:locale\" content=\"fr_FR\" \/>\n<meta property=\"og:type\" content=\"article\" \/>\n<meta property=\"og:title\" content=\"Carri\u00e8res - P\u00e9pin Fortin Construction\" \/>\n<meta property=\"og:description\" content=\"Postes disponibles Victoriaville P\u00e9pin Fortin Construction recrute pour de nombreux postes \u00e0 pourvoir pour notre bureau de Victoriaville. Nous sommes \u00e0 la recherche de charpentiers-menuisiers, d&#039;op\u00e9rateurs, de contrema\u00eetres, de charg\u00e9s de projets, etc. Venez consultez nos offres d\u2019emploi bien r\u00e9mun\u00e9r\u00e9s [&hellip;]\" \/>\n<meta property=\"og:url\" content=\"https:\/\/www.pepinfortin.com\/fr\/carrieres\/\" \/>\n<meta property=\"og:site_name\" content=\"P\u00e9pin Fortin Construction\" \/>\n<meta property=\"article:publisher\" content=\"https:\/\/www.facebook.com\/pepinfortinconstruction\" \/>\n<meta property=\"article:modified_time\" content=\"2026-02-02T15:32:12+00:00\" \/>\n<meta property=\"og:image\" content=\"https:\/\/www.pepinfortin.com\/wp-content\/uploads\/2019\/02\/h4-icon-02.png\" \/>\n<meta name=\"twitter:card\" content=\"summary_large_image\" \/>\n<meta name=\"twitter:label1\" content=\"Dur\u00e9e de lecture estim\u00e9e\" \/>\n\t<meta name=\"twitter:data1\" content=\"1 minute\" \/>\n<script type=\"application\/ld+json\" class=\"yoast-schema-graph\">{\"@context\":\"https:\\\/\\\/schema.org\",\"@graph\":[{\"@type\":\"WebPage\",\"@id\":\"https:\\\/\\\/www.pepinfortin.com\\\/fr\\\/carrieres\\\/\",\"url\":\"https:\\\/\\\/www.pepinfortin.com\\\/fr\\\/carrieres\\\/\",\"name\":\"Carri\u00e8res - P\u00e9pin Fortin Construction\",\"isPartOf\":{\"@id\":\"https:\\\/\\\/www.pepinfortin.com\\\/fr\\\/#website\"},\"primaryImageOfPage\":{\"@id\":\"https:\\\/\\\/www.pepinfortin.com\\\/fr\\\/carrieres\\\/#primaryimage\"},\"image\":{\"@id\":\"https:\\\/\\\/www.pepinfortin.com\\\/fr\\\/carrieres\\\/#primaryimage\"},\"thumbnailUrl\":\"https:\\\/\\\/www.pepinfortin.com\\\/wp-content\\\/uploads\\\/2019\\\/02\\\/h4-icon-02.png\",\"datePublished\":\"2021-08-25T14:02:53+00:00\",\"dateModified\":\"2026-02-02T15:32:12+00:00\",\"breadcrumb\":{\"@id\":\"https:\\\/\\\/www.pepinfortin.com\\\/fr\\\/carrieres\\\/#breadcrumb\"},\"inLanguage\":\"fr-FR\",\"potentialAction\":[{\"@type\":\"ReadAction\",\"target\":[\"https:\\\/\\\/www.pepinfortin.com\\\/fr\\\/carrieres\\\/\"]}]},{\"@type\":\"ImageObject\",\"inLanguage\":\"fr-FR\",\"@id\":\"https:\\\/\\\/www.pepinfortin.com\\\/fr\\\/carrieres\\\/#primaryimage\",\"url\":\"https:\\\/\\\/www.pepinfortin.com\\\/wp-content\\\/uploads\\\/2019\\\/02\\\/h4-icon-02.png\",\"contentUrl\":\"https:\\\/\\\/www.pepinfortin.com\\\/wp-content\\\/uploads\\\/2019\\\/02\\\/h4-icon-02.png\"},{\"@type\":\"BreadcrumbList\",\"@id\":\"https:\\\/\\\/www.pepinfortin.com\\\/fr\\\/carrieres\\\/#breadcrumb\",\"itemListElement\":[{\"@type\":\"ListItem\",\"position\":1,\"name\":\"Accueil\",\"item\":\"https:\\\/\\\/www.pepinfortin.com\\\/fr\\\/\"},{\"@type\":\"ListItem\",\"position\":2,\"name\":\"Carri\u00e8res\"}]},{\"@type\":\"WebSite\",\"@id\":\"https:\\\/\\\/www.pepinfortin.com\\\/fr\\\/#website\",\"url\":\"https:\\\/\\\/www.pepinfortin.com\\\/fr\\\/\",\"name\":\"P\u00e9pin Fortin Construction\",\"description\":\"Entrepreneur g\u00e9n\u00e9ral sur projets d&#039;envergure\",\"publisher\":{\"@id\":\"https:\\\/\\\/www.pepinfortin.com\\\/fr\\\/#organization\"},\"potentialAction\":[{\"@type\":\"SearchAction\",\"target\":{\"@type\":\"EntryPoint\",\"urlTemplate\":\"https:\\\/\\\/www.pepinfortin.com\\\/fr\\\/?s={search_term_string}\"},\"query-input\":{\"@type\":\"PropertyValueSpecification\",\"valueRequired\":true,\"valueName\":\"search_term_string\"}}],\"inLanguage\":\"fr-FR\"},{\"@type\":\"Organization\",\"@id\":\"https:\\\/\\\/www.pepinfortin.com\\\/fr\\\/#organization\",\"name\":\"P\u00e9pin Fortin Construction\",\"url\":\"https:\\\/\\\/www.pepinfortin.com\\\/fr\\\/\",\"logo\":{\"@type\":\"ImageObject\",\"inLanguage\":\"fr-FR\",\"@id\":\"https:\\\/\\\/www.pepinfortin.com\\\/fr\\\/#\\\/schema\\\/logo\\\/image\\\/\",\"url\":\"https:\\\/\\\/www.pepinfortin.com\\\/wp-content\\\/uploads\\\/2021\\\/08\\\/PepinFortin_logo_Vertical-e1629383009540.png\",\"contentUrl\":\"https:\\\/\\\/www.pepinfortin.com\\\/wp-content\\\/uploads\\\/2021\\\/08\\\/PepinFortin_logo_Vertical-e1629383009540.png\",\"width\":300,\"height\":205,\"caption\":\"P\u00e9pin Fortin Construction\"},\"image\":{\"@id\":\"https:\\\/\\\/www.pepinfortin.com\\\/fr\\\/#\\\/schema\\\/logo\\\/image\\\/\"},\"sameAs\":[\"https:\\\/\\\/www.facebook.com\\\/pepinfortinconstruction\",\"https:\\\/\\\/www.linkedin.com\\\/company\\\/ppin-fortin-construction\\\/\"]}]}<\/script>\n<!-- \/ Yoast SEO plugin. -->","yoast_head_json":{"title":"Carri\u00e8res - P\u00e9pin Fortin Construction","robots":{"index":"index","follow":"follow","max-snippet":"max-snippet:-1","max-image-preview":"max-image-preview:large","max-video-preview":"max-video-preview:-1"},"canonical":"https:\/\/www.pepinfortin.com\/fr\/carrieres\/","og_locale":"fr_FR","og_type":"article","og_title":"Carri\u00e8res - P\u00e9pin Fortin Construction","og_description":"Postes disponibles Victoriaville P\u00e9pin Fortin Construction recrute pour de nombreux postes \u00e0 pourvoir pour notre bureau de Victoriaville. Nous sommes \u00e0 la recherche de charpentiers-menuisiers, d&#039;op\u00e9rateurs, de contrema\u00eetres, de charg\u00e9s de projets, etc. Venez consultez nos offres d\u2019emploi bien r\u00e9mun\u00e9r\u00e9s [&hellip;]","og_url":"https:\/\/www.pepinfortin.com\/fr\/carrieres\/","og_site_name":"P\u00e9pin Fortin Construction","article_publisher":"https:\/\/www.facebook.com\/pepinfortinconstruction","article_modified_time":"2026-02-02T15:32:12+00:00","og_image":[{"url":"https:\/\/www.pepinfortin.com\/wp-content\/uploads\/2019\/02\/h4-icon-02.png","type":"","width":"","height":""}],"twitter_card":"summary_large_image","twitter_misc":{"Dur\u00e9e de lecture estim\u00e9e":"1 minute"},"schema":{"@context":"https:\/\/schema.org","@graph":[{"@type":"WebPage","@id":"https:\/\/www.pepinfortin.com\/fr\/carrieres\/","url":"https:\/\/www.pepinfortin.com\/fr\/carrieres\/","name":"Carri\u00e8res - P\u00e9pin Fortin Construction","isPartOf":{"@id":"https:\/\/www.pepinfortin.com\/fr\/#website"},"primaryImageOfPage":{"@id":"https:\/\/www.pepinfortin.com\/fr\/carrieres\/#primaryimage"},"image":{"@id":"https:\/\/www.pepinfortin.com\/fr\/carrieres\/#primaryimage"},"thumbnailUrl":"https:\/\/www.pepinfortin.com\/wp-content\/uploads\/2019\/02\/h4-icon-02.png","datePublished":"2021-08-25T14:02:53+00:00","dateModified":"2026-02-02T15:32:12+00:00","breadcrumb":{"@id":"https:\/\/www.pepinfortin.com\/fr\/carrieres\/#breadcrumb"},"inLanguage":"fr-FR","potentialAction":[{"@type":"ReadAction","target":["https:\/\/www.pepinfortin.com\/fr\/carrieres\/"]}]},{"@type":"ImageObject","inLanguage":"fr-FR","@id":"https:\/\/www.pepinfortin.com\/fr\/carrieres\/#primaryimage","url":"https:\/\/www.pepinfortin.com\/wp-content\/uploads\/2019\/02\/h4-icon-02.png","contentUrl":"https:\/\/www.pepinfortin.com\/wp-content\/uploads\/2019\/02\/h4-icon-02.png"},{"@type":"BreadcrumbList","@id":"https:\/\/www.pepinfortin.com\/fr\/carrieres\/#breadcrumb","itemListElement":[{"@type":"ListItem","position":1,"name":"Accueil","item":"https:\/\/www.pepinfortin.com\/fr\/"},{"@type":"ListItem","position":2,"name":"Carri\u00e8res"}]},{"@type":"WebSite","@id":"https:\/\/www.pepinfortin.com\/fr\/#website","url":"https:\/\/www.pepinfortin.com\/fr\/","name":"P\u00e9pin Fortin Construction","description":"Entrepreneur g\u00e9n\u00e9ral sur projets d&#039;envergure","publisher":{"@id":"https:\/\/www.pepinfortin.com\/fr\/#organization"},"potentialAction":[{"@type":"SearchAction","target":{"@type":"EntryPoint","urlTemplate":"https:\/\/www.pepinfortin.com\/fr\/?s={search_term_string}"},"query-input":{"@type":"PropertyValueSpecification","valueRequired":true,"valueName":"search_term_string"}}],"inLanguage":"fr-FR"},{"@type":"Organization","@id":"https:\/\/www.pepinfortin.com\/fr\/#organization","name":"P\u00e9pin Fortin Construction","url":"https:\/\/www.pepinfortin.com\/fr\/","logo":{"@type":"ImageObject","inLanguage":"fr-FR","@id":"https:\/\/www.pepinfortin.com\/fr\/#\/schema\/logo\/image\/","url":"https:\/\/www.pepinfortin.com\/wp-content\/uploads\/2021\/08\/PepinFortin_logo_Vertical-e1629383009540.png","contentUrl":"https:\/\/www.pepinfortin.com\/wp-content\/uploads\/2021\/08\/PepinFortin_logo_Vertical-e1629383009540.png","width":300,"height":205,"caption":"P\u00e9pin Fortin Construction"},"image":{"@id":"https:\/\/www.pepinfortin.com\/fr\/#\/schema\/logo\/image\/"},"sameAs":["https:\/\/www.facebook.com\/pepinfortinconstruction","https:\/\/www.linkedin.com\/company\/ppin-fortin-construction\/"]}]}},"_links":{"self":[{"href":"https:\/\/www.pepinfortin.com\/fr\/wp-json\/wp\/v2\/pages\/9654","targetHints":{"allow":["GET"]}}],"collection":[{"href":"https:\/\/www.pepinfortin.com\/fr\/wp-json\/wp\/v2\/pages"}],"about":[{"href":"https:\/\/www.pepinfortin.com\/fr\/wp-json\/wp\/v2\/types\/page"}],"author":[{"embeddable":true,"href":"https:\/\/www.pepinfortin.com\/fr\/wp-json\/wp\/v2\/users\/2"}],"replies":[{"embeddable":true,"href":"https:\/\/www.pepinfortin.com\/fr\/wp-json\/wp\/v2\/comments?post=9654"}],"version-history":[{"count":31,"href":"https:\/\/www.pepinfortin.com\/fr\/wp-json\/wp\/v2\/pages\/9654\/revisions"}],"predecessor-version":[{"id":11364,"href":"https:\/\/www.pepinfortin.com\/fr\/wp-json\/wp\/v2\/pages\/9654\/revisions\/11364"}],"wp:attachment":[{"href":"https:\/\/www.pepinfortin.com\/fr\/wp-json\/wp\/v2\/media?parent=9654"}],"curies":[{"name":"wp","href":"https:\/\/api.w.org\/{rel}","templated":true}]}}