{"id":9629,"date":"2021-08-25T09:59:00","date_gmt":"2021-08-25T13:59:00","guid":{"rendered":"https:\/\/www.pepinfortin.com\/?page_id=9629"},"modified":"2022-05-03T11:35:32","modified_gmt":"2022-05-03T15:35:32","slug":"territoire-desservi","status":"publish","type":"page","link":"https:\/\/www.pepinfortin.com\/fr\/territoire-desservi\/","title":{"rendered":"Territoire desservi"},"content":{"rendered":"\t\t<div data-elementor-type=\"wp-page\" data-elementor-id=\"9629\" class=\"elementor elementor-9629\">\n\t\t\t\t\t\t<section class=\"elementor-section elementor-top-section elementor-element elementor-element-e3c5202 elementor-section-boxed elementor-section-height-default elementor-section-height-default mkdf-parallax-row-no mkdf-content-aligment-left mkdf-elementor-row-grid-no mkdf-disabled-bg-image-bellow-no mkdf-row-btt-light\" data-id=\"e3c5202\" data-element_type=\"section\">\n\t\t\t\t\t\t<div class=\"elementor-container elementor-column-gap-default\">\n\t\t\t\t\t<div class=\"elementor-column elementor-col-100 elementor-top-column elementor-element elementor-element-0e3863b\" data-id=\"0e3863b\" data-element_type=\"column\">\n\t\t\t<div class=\"elementor-widget-wrap elementor-element-populated\">\n\t\t\t\t\t\t<div class=\"elementor-element elementor-element-2b43695 elementor-widget elementor-widget-shortcode\" data-id=\"2b43695\" data-element_type=\"widget\" data-widget_type=\"shortcode.default\">\n\t\t\t\t<div class=\"elementor-widget-container\">\n\t\t\t\t\t\t\t<div class=\"elementor-shortcode\"><link rel=\"stylesheet\" href=\"https:\/\/unpkg.com\/leaflet@1.8.0\/dist\/leaflet.css\"\n   integrity=\"sha512-hoalWLoI8r4UszCkZ5kL8vayOGVae1oxXe\/2A4AO6J9+580uKHDO3JdHb7NzwwzK5xr\/Fs0W40kiNHxM9vyTtQ==\"\n   crossorigin=\"\"\/>\n<script src=\"https:\/\/unpkg.com\/leaflet@1.8.0\/dist\/leaflet.js\"\n   integrity=\"sha512-BB3hKbKWOc9Ez\/TAwyWxNXeoV9c1v6FIeYiBieIWkpLjauysF18NzgR1MBNBXf8\/KABdlkX68nAhlwcDFLGPCQ==\"\n   crossorigin=\"\"><\/script>\n<div id=\"map\" style=\"height: 75vh;\"><\/div>\n<script>\n\tvar map = L.map('map').setView([55.531215, -70.202637], 5);\n\n\t\/\/ var tiles = L.tileLayer('https:\/\/api.mapbox.com\/styles\/v1\/{id}\/tiles\/{z}\/{x}\/{y}?access_token=pk.eyJ1IjoibWFwYm94IiwiYSI6ImNpejY4NXVycTA2emYycXBndHRqcmZ3N3gifQ.rJcFIG214AriISLbB6B5aw', {\n\tvar tiles = L.tileLayer('https:\/\/tile.openstreetmap.org\/{z}\/{x}\/{y}.png', {\n\t\tmaxZoom: 18,\n\t\tattribution: 'Map data &copy; <a href=\"https:\/\/www.openstreetmap.org\/copyright\">OpenStreetMap<\/a> contributors, '\/* +\n\t\t\t'Imagery \u00a9 <a href=\"https:\/\/www.mapbox.com\/\">Mapbox<\/a>'*\/,\n\t\t\/\/ id: 'mapbox\/streets-v11',\n\t\ttileSize: 512,\n\t\tzoomOffset: -1\n\t}).addTo(map);\n\t\n\t\/* LISTE DES R\u00c9ALISATIONS - FR *\/\t\t\n\t\/\/ Commerciaux\n\tvar marker = L.marker([62.182562, -75.669823]).addTo(map)\n\t\t.bindPopup('<h5>A\u00e9rogare et garage \u00e0 Salluit<\/h5><p><a href=\"\/fr\/portfolio-item\/aeroport-salluit\/\">Consulter la fiche<\/a><\/p>');\n\tvar marker = L.marker([58.468816, -78.078659]).addTo(map)\n\t\t.bindPopup('<h5>A\u00e9rogare de Inukjuak<\/h5><p><a href=\"\/fr\/portfolio-item\/aerogare-de-inukjuak\/\">Consulter la fiche<\/a><\/p>');\n\tvar marker = L.marker([45.8745937,-72.5014117]).addTo(map)\n\t\t.bindPopup('<h5>Centre Girardin Drummondville<\/h5><p><a href=\"\/fr\/portfolio-item\/centre-girardin-drummondville\/\">Consulter la fiche<\/a><\/p>');\n\tvar marker = L.marker([48.0973719,-77.8560251]).addTo(map)\n\t.bindPopup('<h5>Bureau P\u00e9pin Fortin \u00e0 Val-d\\'or<\/h5><p><a href=\"\/fr\/portfolio-item\/bureau-pepin-fortin-a-val-dor\/\">Consulter la fiche<\/a><\/p>');\n\n\t\/\/ Industriels\n\tvar marker = L.marker([46.1025466,-72.2419204]).addTo(map)\n\t\t.bindPopup('<h5>Embl\u00e8me Canneberge<\/h5><p><a href=\"\/fr\/portfolio-item\/embleme-canneberge\/\">Consulter la fiche<\/a><\/p>');\n\tvar marker = L.marker([46.0470474,-71.9635099]).addTo(map)\n\t\t.bindPopup('<h5>Sollio Vivaco<\/h5><p><a href=\"\/fr\/portfolio-item\/sollio-vivaco\/\">Consulter la fiche<\/a><\/p>');\n\tvar marker = L.marker([46.2115608,-71.774702]).addTo(map)\n\t\t.bindPopup('<h5>BLB Cong\u00e9lation<\/h5><p><a href=\"\/fr\/portfolio-item\/blb-congelation\/\">Consulter la fiche<\/a><\/p>');\n\n\t\/\/ Institutionnels\n\tvar marker = L.marker([61.5963033,-72.0904183]).addTo(map)\n\t\t.bindPopup('<h5>R\u00e9sidence Nassivik Kangiqsujuaq<\/h5><p><a href=\"\/fr\/portfolio-item\/residence-nassivik-kangiqsujuaq\/\">Consulter la fiche<\/a><\/p>');\n\tvar marker = L.marker([62.188656, -75.655100]).addTo(map)\n\t\t.bindPopup('<h5>Garage entrep\u00f4t Salluit<\/h5><p><a href=\"\/fr\/portfolio-item\/garage-entrepot-salluit\/\">Consulter la fiche<\/a><\/p>');\n\tvar marker = L.marker([60.0168749,-70.0132995]).addTo(map)\n\t\t.bindPopup('<h5>Arena Kangirsuk<\/h5><p><a href=\"\/fr\/portfolio-item\/arena-kangirsuk\/\">Consulter la fiche<\/a><\/p>');\n\tvar marker = L.marker([60.0182099,-70.0162661]).addTo(map)\n\t\t.bindPopup('<h5>Centre r\u00e9gional de r\u00e9tablissement Kuujjuaq<\/h5><p><a href=\"\/fr\/portfolio-item\/centre-regional-de-retablissement-kuujjuaq\/\">Consulter la fiche<\/a><\/p>');\n\tvar marker = L.marker([62.203459,-75.6474654]).addTo(map)\n\t\t.bindPopup('<h5>\u00c9cole Ikusik Salluit<\/h5><p><a href=\"\/fr\/portfolio-item\/ecole-ikusik-salluit\/\">Consulter la fiche<\/a><\/p>');\n\tvar marker = L.marker([59.3021975,-69.6137505]).addTo(map)\n\t\t.bindPopup('<h5>CLSC Aupaluk<\/h5><p><a href=\"\/fr\/portfolio-item\/clsc-aupaluk\/\">Consulter la fiche<\/a><\/p>');\n\t\/\/ Ajouts \n\tvar marker = L.marker([48.2438009,-79.0213836]).addTo(map)\n\t\t.bindPopup('<h5>Canc\u00e9rologie Rouyn-Noranda<\/h5><p><a href=\"\/fr\/portfolio-item\/cancerologie-rouyn-noranda\/\">Consulter la fiche<\/a><\/p>');\n\tvar marker = L.marker([48.5746625,-78.1277101]).addTo(map)\n\t\t.bindPopup('<h5>Am\u00e9nagement IRM h\u00f4pital Amos<\/h5><p><a href=\"\/fr\/portfolio-item\/amenagement-irm-hopital-amos\/\">Consulter la fiche<\/a><\/p>');\n\tvar marker = L.marker([48.1025052,-77.7883219]).addTo(map)\n\t\t.bindPopup('<h5>Ch\u00e2teau Marie-Eve<\/h5><p><a href=\"\/fr\/portfolio-item\/chateau-marie-eve\/\">Consulter la fiche<\/a><\/p>');\n\tvar marker = L.marker([48.0959153,-77.7987911]).addTo(map)\n\t\t.bindPopup('<h5>Remplacement \u00c9quipement Radiologie CHVD<\/h5><p><a href=\"\/fr\/portfolio-item\/remplacement-equipement-radiologie-chvd\/\">Consulter la fiche<\/a><\/p>');\n\tvar marker = L.marker([46.111899,-72.2579548]).addTo(map)\n\t\t.bindPopup('<h5>Usine d\\'eau \u00e0 Ste-Ulalie<\/h5><p><a href=\"\/fr\/portfolio-item\/usine-deau-a-ste-ulalie\/\">Consulter la fiche<\/a><\/p>');\n\tvar marker = L.marker([46.0712598,-71.9632777]).addTo(map)\n\t\t.bindPopup('<h5>R\u00e9servoir Beaudet<\/h5><p><a href=\"\/fr\/portfolio-item\/reservoir-beaudet\/\">Consulter la fiche<\/a><\/p>');\n\tvar marker = L.marker([46.0639024,-71.9613894]).addTo(map)\n\t\t.bindPopup('<h5>Maison des A\u00een\u00e9s Victoriaville<\/h5><p><a href=\"\/fr\/portfolio-item\/maison-des-aines-victoriaville\/\">Consulter la fiche<\/a><\/p>');\n\tvar marker = L.marker([48.0947278,-77.8001467]).addTo(map)\n\t\t.bindPopup('<h5>Maison des A\u00een\u00e9s \u00e0 Val-d\\'Or<\/h5><p><a href=\"\/fr\/portfolio-item\/maison-des-aines-de-val-dor\/\">Consulter la fiche<\/a><\/p>');\n\tvar marker = L.marker([45.8810391,-72.4831654]).addTo(map)\n\t\t.bindPopup('<h5>Maison des a\u00een\u00e9s Drummondville<\/h5><p><a href=\"\/fr\/portfolio-item\/maison-des-aines-drummondville\/\">Consulter la fiche<\/a><\/p>');\n\tvar marker = L.marker([48.2383981,-78.9912195]).addTo(map)\n\t\t.bindPopup('<h5>Maison des A\u00een\u00e9s Rouyn-Noranda<\/h5><p><a href=\"\/fr\/portfolio-item\/mda-rouyn\/\">Consulter la fiche<\/a><\/p>');\n\tvar marker = L.marker([48.4022215,-77.3549504]).addTo(map)\n\t\t.bindPopup('<h5>Piscine Senneterre<\/h5><p><a href=\"\/fr\/portfolio-item\/piscine-senneterre\/\">Consulter la fiche<\/a><\/p>');\n\tvar marker = L.marker([48.0948658,-77.7898134]).addTo(map)\n\t\t.bindPopup('<h5>Centre sportif Fournier \u00e0 Val-d\\'Or<\/h5><p><a href=\"\/fr\/portfolio-item\/centre-sportif-fournier-a-val-dor\/\">Consulter la fiche<\/a><\/p>');\n\n\t\/\/ Miniers\n\tvar marker = L.marker([48.0530503,-77.7896267]).addTo(map)\n\t\t.bindPopup('<h5>Centre de transit minier<\/h5><p><a href=\"\/fr\/portfolio-item\/centre-de-transit-minier\/\">Consulter la fiche<\/a><\/p>');\n\tvar marker = L.marker([52.7187591,-76.0852011]).addTo(map)\n\t\t.bindPopup('<h5>Mine \u00c9l\u00e9onore Goldcorp<\/h5><p><a href=\"\/fr\/portfolio-item\/mine-eleonore-goldcorp\/\">Consulter la fiche<\/a><\/p>');\n\n\n\n\t\/\/ D\u00e9claration du onClick et Popup\n\tvar popup = L.popup();\n\t\/\/ function onMapClick(e) {\n\t\/\/ \tpopup\n\t\/\/ \t\t.setLatLng(e.latlng)\n\t\/\/ \t\t.setContent('Vous avez cliqu\u00e9 sur <br> ' + e.latlng.toString())\n\t\/\/ \t\t.openOn(map);\n\t\/\/ }\n\t\/\/ map.on('click', onMapClick);\n\n<\/script>\n<style>\n\t.leaflet-popup-content h5{\n\t\tmargin:0; \n\t}\n\t.leaflet-popup-content p{\n\t\tmargin:0 0 1em 0;\n\t}\n<\/style>\n<\/div>\n\t\t\t\t\t\t<\/div>\n\t\t\t\t<\/div>\n\t\t\t\t\t<\/div>\n\t\t<\/div>\n\t\t\t\t\t<\/div>\n\t\t<\/section>\n\t\t\t\t<\/div>\n\t\t","protected":false},"excerpt":{"rendered":"","protected":false},"author":2,"featured_media":0,"parent":0,"menu_order":0,"comment_status":"closed","ping_status":"closed","template":"","meta":{"footnotes":""},"class_list":["post-9629","page","type-page","status-publish","hentry"],"yoast_head":"<!-- This site is optimized with the Yoast SEO plugin v27.4 - https:\/\/yoast.com\/product\/yoast-seo-wordpress\/ -->\n<title>Territoire desservi - P\u00e9pin Fortin Construction<\/title>\n<meta name=\"robots\" content=\"index, follow, max-snippet:-1, max-image-preview:large, max-video-preview:-1\" \/>\n<link rel=\"canonical\" href=\"https:\/\/www.pepinfortin.com\/fr\/territoire-desservi\/\" \/>\n<meta property=\"og:locale\" content=\"fr_FR\" \/>\n<meta property=\"og:type\" content=\"article\" \/>\n<meta property=\"og:title\" content=\"Territoire desservi - P\u00e9pin Fortin Construction\" \/>\n<meta property=\"og:url\" content=\"https:\/\/www.pepinfortin.com\/fr\/territoire-desservi\/\" \/>\n<meta property=\"og:site_name\" content=\"P\u00e9pin Fortin Construction\" \/>\n<meta property=\"article:publisher\" content=\"https:\/\/www.facebook.com\/pepinfortinconstruction\" \/>\n<meta property=\"article:modified_time\" content=\"2022-05-03T15:35:32+00:00\" \/>\n<meta name=\"twitter:card\" content=\"summary_large_image\" \/>\n<script type=\"application\/ld+json\" class=\"yoast-schema-graph\">{\"@context\":\"https:\\\/\\\/schema.org\",\"@graph\":[{\"@type\":\"WebPage\",\"@id\":\"https:\\\/\\\/www.pepinfortin.com\\\/fr\\\/territoire-desservi\\\/\",\"url\":\"https:\\\/\\\/www.pepinfortin.com\\\/fr\\\/territoire-desservi\\\/\",\"name\":\"Territoire desservi - P\u00e9pin Fortin Construction\",\"isPartOf\":{\"@id\":\"https:\\\/\\\/www.pepinfortin.com\\\/fr\\\/#website\"},\"datePublished\":\"2021-08-25T13:59:00+00:00\",\"dateModified\":\"2022-05-03T15:35:32+00:00\",\"breadcrumb\":{\"@id\":\"https:\\\/\\\/www.pepinfortin.com\\\/fr\\\/territoire-desservi\\\/#breadcrumb\"},\"inLanguage\":\"fr-FR\",\"potentialAction\":[{\"@type\":\"ReadAction\",\"target\":[\"https:\\\/\\\/www.pepinfortin.com\\\/fr\\\/territoire-desservi\\\/\"]}]},{\"@type\":\"BreadcrumbList\",\"@id\":\"https:\\\/\\\/www.pepinfortin.com\\\/fr\\\/territoire-desservi\\\/#breadcrumb\",\"itemListElement\":[{\"@type\":\"ListItem\",\"position\":1,\"name\":\"Accueil\",\"item\":\"https:\\\/\\\/www.pepinfortin.com\\\/fr\\\/\"},{\"@type\":\"ListItem\",\"position\":2,\"name\":\"Territoire desservi\"}]},{\"@type\":\"WebSite\",\"@id\":\"https:\\\/\\\/www.pepinfortin.com\\\/fr\\\/#website\",\"url\":\"https:\\\/\\\/www.pepinfortin.com\\\/fr\\\/\",\"name\":\"P\u00e9pin Fortin Construction\",\"description\":\"Entrepreneur g\u00e9n\u00e9ral sur projets d&#039;envergure\",\"publisher\":{\"@id\":\"https:\\\/\\\/www.pepinfortin.com\\\/fr\\\/#organization\"},\"potentialAction\":[{\"@type\":\"SearchAction\",\"target\":{\"@type\":\"EntryPoint\",\"urlTemplate\":\"https:\\\/\\\/www.pepinfortin.com\\\/fr\\\/?s={search_term_string}\"},\"query-input\":{\"@type\":\"PropertyValueSpecification\",\"valueRequired\":true,\"valueName\":\"search_term_string\"}}],\"inLanguage\":\"fr-FR\"},{\"@type\":\"Organization\",\"@id\":\"https:\\\/\\\/www.pepinfortin.com\\\/fr\\\/#organization\",\"name\":\"P\u00e9pin Fortin Construction\",\"url\":\"https:\\\/\\\/www.pepinfortin.com\\\/fr\\\/\",\"logo\":{\"@type\":\"ImageObject\",\"inLanguage\":\"fr-FR\",\"@id\":\"https:\\\/\\\/www.pepinfortin.com\\\/fr\\\/#\\\/schema\\\/logo\\\/image\\\/\",\"url\":\"https:\\\/\\\/www.pepinfortin.com\\\/wp-content\\\/uploads\\\/2021\\\/08\\\/PepinFortin_logo_Vertical-e1629383009540.png\",\"contentUrl\":\"https:\\\/\\\/www.pepinfortin.com\\\/wp-content\\\/uploads\\\/2021\\\/08\\\/PepinFortin_logo_Vertical-e1629383009540.png\",\"width\":300,\"height\":205,\"caption\":\"P\u00e9pin Fortin Construction\"},\"image\":{\"@id\":\"https:\\\/\\\/www.pepinfortin.com\\\/fr\\\/#\\\/schema\\\/logo\\\/image\\\/\"},\"sameAs\":[\"https:\\\/\\\/www.facebook.com\\\/pepinfortinconstruction\",\"https:\\\/\\\/www.linkedin.com\\\/company\\\/ppin-fortin-construction\\\/\"]}]}<\/script>\n<!-- \/ Yoast SEO plugin. -->","yoast_head_json":{"title":"Territoire desservi - P\u00e9pin Fortin Construction","robots":{"index":"index","follow":"follow","max-snippet":"max-snippet:-1","max-image-preview":"max-image-preview:large","max-video-preview":"max-video-preview:-1"},"canonical":"https:\/\/www.pepinfortin.com\/fr\/territoire-desservi\/","og_locale":"fr_FR","og_type":"article","og_title":"Territoire desservi - P\u00e9pin Fortin Construction","og_url":"https:\/\/www.pepinfortin.com\/fr\/territoire-desservi\/","og_site_name":"P\u00e9pin Fortin Construction","article_publisher":"https:\/\/www.facebook.com\/pepinfortinconstruction","article_modified_time":"2022-05-03T15:35:32+00:00","twitter_card":"summary_large_image","schema":{"@context":"https:\/\/schema.org","@graph":[{"@type":"WebPage","@id":"https:\/\/www.pepinfortin.com\/fr\/territoire-desservi\/","url":"https:\/\/www.pepinfortin.com\/fr\/territoire-desservi\/","name":"Territoire desservi - P\u00e9pin Fortin Construction","isPartOf":{"@id":"https:\/\/www.pepinfortin.com\/fr\/#website"},"datePublished":"2021-08-25T13:59:00+00:00","dateModified":"2022-05-03T15:35:32+00:00","breadcrumb":{"@id":"https:\/\/www.pepinfortin.com\/fr\/territoire-desservi\/#breadcrumb"},"inLanguage":"fr-FR","potentialAction":[{"@type":"ReadAction","target":["https:\/\/www.pepinfortin.com\/fr\/territoire-desservi\/"]}]},{"@type":"BreadcrumbList","@id":"https:\/\/www.pepinfortin.com\/fr\/territoire-desservi\/#breadcrumb","itemListElement":[{"@type":"ListItem","position":1,"name":"Accueil","item":"https:\/\/www.pepinfortin.com\/fr\/"},{"@type":"ListItem","position":2,"name":"Territoire desservi"}]},{"@type":"WebSite","@id":"https:\/\/www.pepinfortin.com\/fr\/#website","url":"https:\/\/www.pepinfortin.com\/fr\/","name":"P\u00e9pin Fortin Construction","description":"Entrepreneur g\u00e9n\u00e9ral sur projets d&#039;envergure","publisher":{"@id":"https:\/\/www.pepinfortin.com\/fr\/#organization"},"potentialAction":[{"@type":"SearchAction","target":{"@type":"EntryPoint","urlTemplate":"https:\/\/www.pepinfortin.com\/fr\/?s={search_term_string}"},"query-input":{"@type":"PropertyValueSpecification","valueRequired":true,"valueName":"search_term_string"}}],"inLanguage":"fr-FR"},{"@type":"Organization","@id":"https:\/\/www.pepinfortin.com\/fr\/#organization","name":"P\u00e9pin Fortin Construction","url":"https:\/\/www.pepinfortin.com\/fr\/","logo":{"@type":"ImageObject","inLanguage":"fr-FR","@id":"https:\/\/www.pepinfortin.com\/fr\/#\/schema\/logo\/image\/","url":"https:\/\/www.pepinfortin.com\/wp-content\/uploads\/2021\/08\/PepinFortin_logo_Vertical-e1629383009540.png","contentUrl":"https:\/\/www.pepinfortin.com\/wp-content\/uploads\/2021\/08\/PepinFortin_logo_Vertical-e1629383009540.png","width":300,"height":205,"caption":"P\u00e9pin Fortin Construction"},"image":{"@id":"https:\/\/www.pepinfortin.com\/fr\/#\/schema\/logo\/image\/"},"sameAs":["https:\/\/www.facebook.com\/pepinfortinconstruction","https:\/\/www.linkedin.com\/company\/ppin-fortin-construction\/"]}]}},"_links":{"self":[{"href":"https:\/\/www.pepinfortin.com\/fr\/wp-json\/wp\/v2\/pages\/9629","targetHints":{"allow":["GET"]}}],"collection":[{"href":"https:\/\/www.pepinfortin.com\/fr\/wp-json\/wp\/v2\/pages"}],"about":[{"href":"https:\/\/www.pepinfortin.com\/fr\/wp-json\/wp\/v2\/types\/page"}],"author":[{"embeddable":true,"href":"https:\/\/www.pepinfortin.com\/fr\/wp-json\/wp\/v2\/users\/2"}],"replies":[{"embeddable":true,"href":"https:\/\/www.pepinfortin.com\/fr\/wp-json\/wp\/v2\/comments?post=9629"}],"version-history":[{"count":13,"href":"https:\/\/www.pepinfortin.com\/fr\/wp-json\/wp\/v2\/pages\/9629\/revisions"}],"predecessor-version":[{"id":10222,"href":"https:\/\/www.pepinfortin.com\/fr\/wp-json\/wp\/v2\/pages\/9629\/revisions\/10222"}],"wp:attachment":[{"href":"https:\/\/www.pepinfortin.com\/fr\/wp-json\/wp\/v2\/media?parent=9629"}],"curies":[{"name":"wp","href":"https:\/\/api.w.org\/{rel}","templated":true}]}}