{"id":9625,"date":"2021-08-25T09:58:54","date_gmt":"2021-08-25T13:58:54","guid":{"rendered":"https:\/\/www.pepinfortin.com\/?page_id=9625"},"modified":"2022-06-15T10:54:40","modified_gmt":"2022-06-15T14:54:40","slug":"sst","status":"publish","type":"page","link":"https:\/\/www.pepinfortin.com\/fr\/a-propos\/sst\/","title":{"rendered":"SST"},"content":{"rendered":"\t\t<div data-elementor-type=\"wp-page\" data-elementor-id=\"9625\" class=\"elementor elementor-9625\">\n\t\t\t\t\t\t<section class=\"elementor-section elementor-top-section elementor-element elementor-element-f3f081f elementor-section-boxed elementor-section-height-default elementor-section-height-default mkdf-parallax-row-no mkdf-content-aligment-left mkdf-elementor-row-grid-no mkdf-disabled-bg-image-bellow-no mkdf-row-btt-light\" data-id=\"f3f081f\" data-element_type=\"section\">\n\t\t\t\t\t\t<div class=\"elementor-container elementor-column-gap-default\">\n\t\t\t\t\t<div class=\"elementor-column elementor-col-100 elementor-top-column elementor-element elementor-element-d311813\" data-id=\"d311813\" data-element_type=\"column\">\n\t\t\t<div class=\"elementor-widget-wrap elementor-element-populated\">\n\t\t\t\t\t\t<section class=\"elementor-section elementor-inner-section elementor-element elementor-element-e1ac56f elementor-section-boxed elementor-section-height-default elementor-section-height-default mkdf-parallax-row-no mkdf-content-aligment-left mkdf-elementor-row-grid-no mkdf-disabled-bg-image-bellow-no mkdf-row-btt-light\" data-id=\"e1ac56f\" data-element_type=\"section\">\n\t\t\t\t\t\t<div class=\"elementor-container elementor-column-gap-default\">\n\t\t\t\t\t<div class=\"elementor-column elementor-col-50 elementor-inner-column elementor-element elementor-element-1bb3d34\" data-id=\"1bb3d34\" data-element_type=\"column\">\n\t\t\t<div class=\"elementor-widget-wrap elementor-element-populated\">\n\t\t\t\t\t\t<div class=\"elementor-element elementor-element-e9643ab elementor-widget elementor-widget-text-editor\" data-id=\"e9643ab\" data-element_type=\"widget\" data-widget_type=\"text-editor.default\">\n\t\t\t\t<div class=\"elementor-widget-container\">\n\t\t\t\t\t\t\t\t\t<p>P\u00e9pin Fortin Construction reconna\u00eet l\u2019importance de la sant\u00e9 et s\u00e9curit\u00e9 au travail pour ses employ\u00e9s et ses partenaires et cet aspect fait partie int\u00e9grante de l\u2019entreprise. La pr\u00e9vention des accidents du travail occupe une place de choix dans l\u2019organisation des chantiers, des m\u00e9thodes de travail et la s\u00e9lection des \u00e9quipements de s\u00e9curit\u00e9. Un d\u00e9partement SST a d\u2019ailleurs \u00e9t\u00e9 cr\u00e9\u00e9 au fil des ann\u00e9es comprenant une \u00e9quipe investie et d\u00e9vou\u00e9e \u00e0 prot\u00e9ger la sant\u00e9, la s\u00e9curit\u00e9 et l\u2019int\u00e9grit\u00e9 du personnel \u0153uvrant sur nos chantiers. Toujours dans l\u2019objectif d\u2019am\u00e9liorer la performance en sant\u00e9 et s\u00e9curit\u00e9, P\u00e9pin Fortin mise sur la collaboration, l\u2019engagement et le respect des politiques \u00e9tablies en impliquant les intervenants de tous les niveaux hi\u00e9rarchiques. En plus de plusieurs agents de pr\u00e9vention pr\u00e9sents \u00e0 temps plein sur certains de nos projets, des tourn\u00e9es d\u2019inspection des lieux sont effectu\u00e9es r\u00e9guli\u00e8rement par la directrice du d\u00e9partement pour toutes les r\u00e9gions. Parce qu\u2019en \u00e9quipe on va plus loin!<\/p>\t\t\t\t\t\t\t\t<\/div>\n\t\t\t\t<\/div>\n\t\t\t\t\t<\/div>\n\t\t<\/div>\n\t\t\t\t<div class=\"elementor-column elementor-col-50 elementor-inner-column elementor-element elementor-element-b9b583d\" data-id=\"b9b583d\" data-element_type=\"column\">\n\t\t\t<div class=\"elementor-widget-wrap elementor-element-populated\">\n\t\t\t\t\t\t<div class=\"elementor-element elementor-element-30e6300 elementor-widget elementor-widget-image\" data-id=\"30e6300\" data-element_type=\"widget\" data-widget_type=\"image.default\">\n\t\t\t\t<div class=\"elementor-widget-container\">\n\t\t\t\t\t\t\t\t\t\t\t\t\t\t\t<img fetchpriority=\"high\" decoding=\"async\" width=\"1024\" height=\"1024\" src=\"https:\/\/www.pepinfortin.com\/wp-content\/uploads\/2018\/12\/h8-img-07-1024x1024.jpg\" class=\"attachment-large size-large wp-image-1229\" alt=\"a\" srcset=\"https:\/\/www.pepinfortin.com\/wp-content\/uploads\/2018\/12\/h8-img-07-1024x1024.jpg 1024w, https:\/\/www.pepinfortin.com\/wp-content\/uploads\/2018\/12\/h8-img-07-300x300.jpg 300w, https:\/\/www.pepinfortin.com\/wp-content\/uploads\/2018\/12\/h8-img-07-100x100.jpg 100w, https:\/\/www.pepinfortin.com\/wp-content\/uploads\/2018\/12\/h8-img-07-600x600.jpg 600w, https:\/\/www.pepinfortin.com\/wp-content\/uploads\/2018\/12\/h8-img-07-150x150.jpg 150w, https:\/\/www.pepinfortin.com\/wp-content\/uploads\/2018\/12\/h8-img-07-768x768.jpg 768w, https:\/\/www.pepinfortin.com\/wp-content\/uploads\/2018\/12\/h8-img-07-650x650.jpg 650w, https:\/\/www.pepinfortin.com\/wp-content\/uploads\/2018\/12\/h8-img-07.jpg 1100w\" sizes=\"(max-width: 1024px) 100vw, 1024px\" \/>\t\t\t\t\t\t\t\t\t\t\t\t\t\t\t<\/div>\n\t\t\t\t<\/div>\n\t\t\t\t\t<\/div>\n\t\t<\/div>\n\t\t\t\t\t<\/div>\n\t\t<\/section>\n\t\t\t\t\t<\/div>\n\t\t<\/div>\n\t\t\t\t\t<\/div>\n\t\t<\/section>\n\t\t\t\t<\/div>\n\t\t","protected":false},"excerpt":{"rendered":"<p>P\u00e9pin Fortin Construction reconna\u00eet l\u2019importance de la sant\u00e9 et s\u00e9curit\u00e9 au travail pour ses employ\u00e9s et ses partenaires et cet aspect fait partie int\u00e9grante de l\u2019entreprise. La pr\u00e9vention des accidents du travail occupe une place de choix dans l\u2019organisation des [&hellip;]<\/p>\n","protected":false},"author":2,"featured_media":0,"parent":1458,"menu_order":0,"comment_status":"closed","ping_status":"closed","template":"","meta":{"footnotes":""},"class_list":["post-9625","page","type-page","status-publish","hentry"],"yoast_head":"<!-- This site is optimized with the Yoast SEO plugin v27.5 - https:\/\/yoast.com\/product\/yoast-seo-wordpress\/ -->\n<title>SST - P\u00e9pin Fortin Construction<\/title>\n<meta name=\"robots\" content=\"index, follow, max-snippet:-1, max-image-preview:large, max-video-preview:-1\" \/>\n<link rel=\"canonical\" href=\"https:\/\/www.pepinfortin.com\/fr\/a-propos\/sst\/\" \/>\n<meta property=\"og:locale\" content=\"fr_FR\" \/>\n<meta property=\"og:type\" content=\"article\" \/>\n<meta property=\"og:title\" content=\"SST - P\u00e9pin Fortin Construction\" \/>\n<meta property=\"og:description\" content=\"P\u00e9pin Fortin Construction reconna\u00eet l\u2019importance de la sant\u00e9 et s\u00e9curit\u00e9 au travail pour ses employ\u00e9s et ses partenaires et cet aspect fait partie int\u00e9grante de l\u2019entreprise. La pr\u00e9vention des accidents du travail occupe une place de choix dans l\u2019organisation des [&hellip;]\" \/>\n<meta property=\"og:url\" content=\"https:\/\/www.pepinfortin.com\/fr\/a-propos\/sst\/\" \/>\n<meta property=\"og:site_name\" content=\"P\u00e9pin Fortin Construction\" \/>\n<meta property=\"article:publisher\" content=\"https:\/\/www.facebook.com\/pepinfortinconstruction\" \/>\n<meta property=\"article:modified_time\" content=\"2022-06-15T14:54:40+00:00\" \/>\n<meta property=\"og:image\" content=\"https:\/\/www.pepinfortin.com\/wp-content\/uploads\/2018\/12\/h8-img-07-1024x1024.jpg\" \/>\n<meta name=\"twitter:card\" content=\"summary_large_image\" \/>\n<meta name=\"twitter:label1\" content=\"Dur\u00e9e de lecture estim\u00e9e\" \/>\n\t<meta name=\"twitter:data1\" content=\"1 minute\" \/>\n<script type=\"application\/ld+json\" class=\"yoast-schema-graph\">{\"@context\":\"https:\\\/\\\/schema.org\",\"@graph\":[{\"@type\":\"WebPage\",\"@id\":\"https:\\\/\\\/www.pepinfortin.com\\\/fr\\\/a-propos\\\/sst\\\/\",\"url\":\"https:\\\/\\\/www.pepinfortin.com\\\/fr\\\/a-propos\\\/sst\\\/\",\"name\":\"SST - P\u00e9pin Fortin Construction\",\"isPartOf\":{\"@id\":\"https:\\\/\\\/www.pepinfortin.com\\\/fr\\\/#website\"},\"primaryImageOfPage\":{\"@id\":\"https:\\\/\\\/www.pepinfortin.com\\\/fr\\\/a-propos\\\/sst\\\/#primaryimage\"},\"image\":{\"@id\":\"https:\\\/\\\/www.pepinfortin.com\\\/fr\\\/a-propos\\\/sst\\\/#primaryimage\"},\"thumbnailUrl\":\"https:\\\/\\\/www.pepinfortin.com\\\/wp-content\\\/uploads\\\/2018\\\/12\\\/h8-img-07-1024x1024.jpg\",\"datePublished\":\"2021-08-25T13:58:54+00:00\",\"dateModified\":\"2022-06-15T14:54:40+00:00\",\"breadcrumb\":{\"@id\":\"https:\\\/\\\/www.pepinfortin.com\\\/fr\\\/a-propos\\\/sst\\\/#breadcrumb\"},\"inLanguage\":\"fr-FR\",\"potentialAction\":[{\"@type\":\"ReadAction\",\"target\":[\"https:\\\/\\\/www.pepinfortin.com\\\/fr\\\/a-propos\\\/sst\\\/\"]}]},{\"@type\":\"ImageObject\",\"inLanguage\":\"fr-FR\",\"@id\":\"https:\\\/\\\/www.pepinfortin.com\\\/fr\\\/a-propos\\\/sst\\\/#primaryimage\",\"url\":\"https:\\\/\\\/www.pepinfortin.com\\\/wp-content\\\/uploads\\\/2018\\\/12\\\/h8-img-07-1024x1024.jpg\",\"contentUrl\":\"https:\\\/\\\/www.pepinfortin.com\\\/wp-content\\\/uploads\\\/2018\\\/12\\\/h8-img-07-1024x1024.jpg\"},{\"@type\":\"BreadcrumbList\",\"@id\":\"https:\\\/\\\/www.pepinfortin.com\\\/fr\\\/a-propos\\\/sst\\\/#breadcrumb\",\"itemListElement\":[{\"@type\":\"ListItem\",\"position\":1,\"name\":\"Accueil\",\"item\":\"https:\\\/\\\/www.pepinfortin.com\\\/fr\\\/\"},{\"@type\":\"ListItem\",\"position\":2,\"name\":\"\u00c0 propos\",\"item\":\"https:\\\/\\\/www.pepinfortin.com\\\/fr\\\/a-propos\\\/\"},{\"@type\":\"ListItem\",\"position\":3,\"name\":\"SST\"}]},{\"@type\":\"WebSite\",\"@id\":\"https:\\\/\\\/www.pepinfortin.com\\\/fr\\\/#website\",\"url\":\"https:\\\/\\\/www.pepinfortin.com\\\/fr\\\/\",\"name\":\"P\u00e9pin Fortin Construction\",\"description\":\"Entrepreneur g\u00e9n\u00e9ral sur projets d&#039;envergure\",\"publisher\":{\"@id\":\"https:\\\/\\\/www.pepinfortin.com\\\/fr\\\/#organization\"},\"potentialAction\":[{\"@type\":\"SearchAction\",\"target\":{\"@type\":\"EntryPoint\",\"urlTemplate\":\"https:\\\/\\\/www.pepinfortin.com\\\/fr\\\/?s={search_term_string}\"},\"query-input\":{\"@type\":\"PropertyValueSpecification\",\"valueRequired\":true,\"valueName\":\"search_term_string\"}}],\"inLanguage\":\"fr-FR\"},{\"@type\":\"Organization\",\"@id\":\"https:\\\/\\\/www.pepinfortin.com\\\/fr\\\/#organization\",\"name\":\"P\u00e9pin Fortin Construction\",\"url\":\"https:\\\/\\\/www.pepinfortin.com\\\/fr\\\/\",\"logo\":{\"@type\":\"ImageObject\",\"inLanguage\":\"fr-FR\",\"@id\":\"https:\\\/\\\/www.pepinfortin.com\\\/fr\\\/#\\\/schema\\\/logo\\\/image\\\/\",\"url\":\"https:\\\/\\\/www.pepinfortin.com\\\/wp-content\\\/uploads\\\/2021\\\/08\\\/PepinFortin_logo_Vertical-e1629383009540.png\",\"contentUrl\":\"https:\\\/\\\/www.pepinfortin.com\\\/wp-content\\\/uploads\\\/2021\\\/08\\\/PepinFortin_logo_Vertical-e1629383009540.png\",\"width\":300,\"height\":205,\"caption\":\"P\u00e9pin Fortin Construction\"},\"image\":{\"@id\":\"https:\\\/\\\/www.pepinfortin.com\\\/fr\\\/#\\\/schema\\\/logo\\\/image\\\/\"},\"sameAs\":[\"https:\\\/\\\/www.facebook.com\\\/pepinfortinconstruction\",\"https:\\\/\\\/www.linkedin.com\\\/company\\\/ppin-fortin-construction\\\/\"]}]}<\/script>\n<!-- \/ Yoast SEO plugin. -->","yoast_head_json":{"title":"SST - P\u00e9pin Fortin Construction","robots":{"index":"index","follow":"follow","max-snippet":"max-snippet:-1","max-image-preview":"max-image-preview:large","max-video-preview":"max-video-preview:-1"},"canonical":"https:\/\/www.pepinfortin.com\/fr\/a-propos\/sst\/","og_locale":"fr_FR","og_type":"article","og_title":"SST - P\u00e9pin Fortin Construction","og_description":"P\u00e9pin Fortin Construction reconna\u00eet l\u2019importance de la sant\u00e9 et s\u00e9curit\u00e9 au travail pour ses employ\u00e9s et ses partenaires et cet aspect fait partie int\u00e9grante de l\u2019entreprise. La pr\u00e9vention des accidents du travail occupe une place de choix dans l\u2019organisation des [&hellip;]","og_url":"https:\/\/www.pepinfortin.com\/fr\/a-propos\/sst\/","og_site_name":"P\u00e9pin Fortin Construction","article_publisher":"https:\/\/www.facebook.com\/pepinfortinconstruction","article_modified_time":"2022-06-15T14:54:40+00:00","og_image":[{"url":"https:\/\/www.pepinfortin.com\/wp-content\/uploads\/2018\/12\/h8-img-07-1024x1024.jpg","type":"","width":"","height":""}],"twitter_card":"summary_large_image","twitter_misc":{"Dur\u00e9e de lecture estim\u00e9e":"1 minute"},"schema":{"@context":"https:\/\/schema.org","@graph":[{"@type":"WebPage","@id":"https:\/\/www.pepinfortin.com\/fr\/a-propos\/sst\/","url":"https:\/\/www.pepinfortin.com\/fr\/a-propos\/sst\/","name":"SST - P\u00e9pin Fortin Construction","isPartOf":{"@id":"https:\/\/www.pepinfortin.com\/fr\/#website"},"primaryImageOfPage":{"@id":"https:\/\/www.pepinfortin.com\/fr\/a-propos\/sst\/#primaryimage"},"image":{"@id":"https:\/\/www.pepinfortin.com\/fr\/a-propos\/sst\/#primaryimage"},"thumbnailUrl":"https:\/\/www.pepinfortin.com\/wp-content\/uploads\/2018\/12\/h8-img-07-1024x1024.jpg","datePublished":"2021-08-25T13:58:54+00:00","dateModified":"2022-06-15T14:54:40+00:00","breadcrumb":{"@id":"https:\/\/www.pepinfortin.com\/fr\/a-propos\/sst\/#breadcrumb"},"inLanguage":"fr-FR","potentialAction":[{"@type":"ReadAction","target":["https:\/\/www.pepinfortin.com\/fr\/a-propos\/sst\/"]}]},{"@type":"ImageObject","inLanguage":"fr-FR","@id":"https:\/\/www.pepinfortin.com\/fr\/a-propos\/sst\/#primaryimage","url":"https:\/\/www.pepinfortin.com\/wp-content\/uploads\/2018\/12\/h8-img-07-1024x1024.jpg","contentUrl":"https:\/\/www.pepinfortin.com\/wp-content\/uploads\/2018\/12\/h8-img-07-1024x1024.jpg"},{"@type":"BreadcrumbList","@id":"https:\/\/www.pepinfortin.com\/fr\/a-propos\/sst\/#breadcrumb","itemListElement":[{"@type":"ListItem","position":1,"name":"Accueil","item":"https:\/\/www.pepinfortin.com\/fr\/"},{"@type":"ListItem","position":2,"name":"\u00c0 propos","item":"https:\/\/www.pepinfortin.com\/fr\/a-propos\/"},{"@type":"ListItem","position":3,"name":"SST"}]},{"@type":"WebSite","@id":"https:\/\/www.pepinfortin.com\/fr\/#website","url":"https:\/\/www.pepinfortin.com\/fr\/","name":"P\u00e9pin Fortin Construction","description":"Entrepreneur g\u00e9n\u00e9ral sur projets d&#039;envergure","publisher":{"@id":"https:\/\/www.pepinfortin.com\/fr\/#organization"},"potentialAction":[{"@type":"SearchAction","target":{"@type":"EntryPoint","urlTemplate":"https:\/\/www.pepinfortin.com\/fr\/?s={search_term_string}"},"query-input":{"@type":"PropertyValueSpecification","valueRequired":true,"valueName":"search_term_string"}}],"inLanguage":"fr-FR"},{"@type":"Organization","@id":"https:\/\/www.pepinfortin.com\/fr\/#organization","name":"P\u00e9pin Fortin Construction","url":"https:\/\/www.pepinfortin.com\/fr\/","logo":{"@type":"ImageObject","inLanguage":"fr-FR","@id":"https:\/\/www.pepinfortin.com\/fr\/#\/schema\/logo\/image\/","url":"https:\/\/www.pepinfortin.com\/wp-content\/uploads\/2021\/08\/PepinFortin_logo_Vertical-e1629383009540.png","contentUrl":"https:\/\/www.pepinfortin.com\/wp-content\/uploads\/2021\/08\/PepinFortin_logo_Vertical-e1629383009540.png","width":300,"height":205,"caption":"P\u00e9pin Fortin Construction"},"image":{"@id":"https:\/\/www.pepinfortin.com\/fr\/#\/schema\/logo\/image\/"},"sameAs":["https:\/\/www.facebook.com\/pepinfortinconstruction","https:\/\/www.linkedin.com\/company\/ppin-fortin-construction\/"]}]}},"_links":{"self":[{"href":"https:\/\/www.pepinfortin.com\/fr\/wp-json\/wp\/v2\/pages\/9625","targetHints":{"allow":["GET"]}}],"collection":[{"href":"https:\/\/www.pepinfortin.com\/fr\/wp-json\/wp\/v2\/pages"}],"about":[{"href":"https:\/\/www.pepinfortin.com\/fr\/wp-json\/wp\/v2\/types\/page"}],"author":[{"embeddable":true,"href":"https:\/\/www.pepinfortin.com\/fr\/wp-json\/wp\/v2\/users\/2"}],"replies":[{"embeddable":true,"href":"https:\/\/www.pepinfortin.com\/fr\/wp-json\/wp\/v2\/comments?post=9625"}],"version-history":[{"count":14,"href":"https:\/\/www.pepinfortin.com\/fr\/wp-json\/wp\/v2\/pages\/9625\/revisions"}],"predecessor-version":[{"id":11092,"href":"https:\/\/www.pepinfortin.com\/fr\/wp-json\/wp\/v2\/pages\/9625\/revisions\/11092"}],"up":[{"embeddable":true,"href":"https:\/\/www.pepinfortin.com\/fr\/wp-json\/wp\/v2\/pages\/1458"}],"wp:attachment":[{"href":"https:\/\/www.pepinfortin.com\/fr\/wp-json\/wp\/v2\/media?parent=9625"}],"curies":[{"name":"wp","href":"https:\/\/api.w.org\/{rel}","templated":true}]}}