{"id":9569,"date":"2021-08-19T10:47:15","date_gmt":"2021-08-19T14:47:15","guid":{"rendered":"https:\/\/www.pepinfortin.com\/?page_id=9569"},"modified":"2022-07-05T10:50:44","modified_gmt":"2022-07-05T14:50:44","slug":"miniers","status":"publish","type":"page","link":"https:\/\/www.pepinfortin.com\/fr\/miniers\/","title":{"rendered":"Miniers"},"content":{"rendered":"\t\t<div data-elementor-type=\"wp-page\" data-elementor-id=\"9569\" class=\"elementor elementor-9569\">\n\t\t\t\t\t\t<section class=\"elementor-section elementor-top-section elementor-element elementor-element-d12ba29 elementor-section-boxed elementor-section-height-default elementor-section-height-default mkdf-parallax-row-no mkdf-content-aligment-left mkdf-elementor-row-grid-no mkdf-disabled-bg-image-bellow-no mkdf-row-btt-light\" data-id=\"d12ba29\" data-element_type=\"section\">\n\t\t\t\t\t\t<div class=\"elementor-container elementor-column-gap-default\">\n\t\t\t\t\t<div class=\"elementor-column elementor-col-100 elementor-top-column elementor-element elementor-element-4952f02\" data-id=\"4952f02\" data-element_type=\"column\">\n\t\t\t<div class=\"elementor-widget-wrap elementor-element-populated\">\n\t\t\t\t\t\t<div class=\"elementor-element elementor-element-a3b3cb7 elementor-widget elementor-widget-mkdf_portfolio_list\" data-id=\"a3b3cb7\" data-element_type=\"widget\" data-widget_type=\"mkdf_portfolio_list.default\">\n\t\t\t\t<div class=\"elementor-widget-container\">\n\t\t\t\t\t<div class=\"mkdf-portfolio-list-holder mkdf-grid-list mkdf-disable-bottom-space mkdf-pl-gallery mkdf-four-columns mkdf-normal-space mkdf-pl-standard-shader    mkdf-pl-pag-no-pagination      mkdf-pl-default-skin\"  data-type=gallery data-skin=default-skin data-item-type=gallery data-number-of-columns=four data-space-between-items=normal data-number-of-items=-1 data-image-proportions=square data-enable-image-shadow=no data-category=miniers data-orderby=date data-order=ASC data-item-style=standard-shader data-enable-title=yes data-title-tag=h4 data-enable-category=no data-enable-count-images=no data-enable-excerpt=no data-readmore=yes data-pagination-type=no-pagination data-filter=no data-enable-article-animation=no data-portfolio-slider-on=no data-enable-loop=yes data-enable-autoplay=yes data-slider-speed=5000 data-slider-speed-animation=600 data-enable-navigation=yes data-enable-pagination=yes data-enable-auto-width=no data-max-num-pages=0 data-next-page=2>\n\t\t<div class=\"mkdf-pl-inner mkdf-outer-space  clearfix\">\n\t\t<article class=\"mkdf-pl-item mkdf-item-space  post-10088 portfolio-item type-portfolio-item status-publish has-post-thumbnail hentry portfolio-category-miniers\">\n\t<div class=\"mkdf-pl-item-inner\">\n\t\t<a href=\"https:\/\/www.pepinfortin.com\/fr\/portfolio-item\/centre-de-transit-minier\/\">\n<div class=\"mkdf-pli-image\">\n\t<img fetchpriority=\"high\" decoding=\"async\" width=\"650\" height=\"446\" src=\"https:\/\/www.pepinfortin.com\/wp-content\/uploads\/2022\/03\/Centre-Transit-Minier-Val-dOr-650x446.png\" class=\"attachment-wilmer_mikado_image_square size-wilmer_mikado_image_square wp-post-image\" alt=\"\" \/><\/div>\n<\/a>\n<div class=\"mkdf-pli-text-holder\" >\n\t<div class=\"mkdf-pli-text-wrapper\">\n\t\t<div class=\"mkdf-pli-text\">\n\n            \n\t\t\t    <a href=\"https:\/\/www.pepinfortin.com\/fr\/portfolio-item\/centre-de-transit-minier\/\">\n\t<h4 itemprop=\"name\" class=\"mkdf-pli-title entry-title\" >\n\t\tCentre de transit minier\t<\/h4>\n    <\/a>\n\n\t\t\t\n\t\t\t\n            \n    <div class=\"mkdf-pl-read-more-holder\">\n    \n    <a itemprop=\"url\" href=\"https:\/\/www.pepinfortin.com\/fr\/portfolio-item\/centre-de-transit-minier\/\" target=\"_self\"  class=\"mkdf-btn mkdf-btn-medium mkdf-btn-simple\"  >\n    <span class=\"mkdf-btn-text\">En savoir plus<\/span>\n    <\/a>\n    <\/div>\n\n    \n\t\t<\/div>\n\t<\/div>\n<\/div>\t\t\n\t\t\t\t\t            <a itemprop=\"url\" class=\"mkdf-pli-link\" data-rel=\"prettyPhoto[rel-gallery-item-10088-352867299]\" href=\"https:\/\/www.pepinfortin.com\/wp-content\/uploads\/2022\/03\/Centre-Transit-Minier-Val-dOr.png\" title=\"Centre de transit minier\"><\/a>\n\t    \n   \n\t\t<a itemprop=\"url\"  data-rel=\"prettyPhoto[rel-gallery-item-10088-352867299]\" href=\"https:\/\/www.pepinfortin.com\/wp-content\/uploads\/2022\/03\/Centre-Transit-Minier-Val-dOr.png\" title=\"Centre de transit minier\"><\/a>\n\t\t\t\t\t<\/div>\n<\/article><article class=\"mkdf-pl-item mkdf-item-space  post-9972 portfolio-item type-portfolio-item status-publish has-post-thumbnail hentry portfolio-category-miniers\">\n\t<div class=\"mkdf-pl-item-inner\">\n\t\t<a href=\"https:\/\/www.pepinfortin.com\/fr\/portfolio-item\/mine-eleonore-goldcorp\/\">\n<div class=\"mkdf-pli-image\">\n\t<img decoding=\"async\" width=\"650\" height=\"393\" src=\"https:\/\/www.pepinfortin.com\/wp-content\/uploads\/2022\/03\/Batiment-Administratif-et-Garage-Mine-eleonore-Gold-Corp-650x393.png\" class=\"attachment-wilmer_mikado_image_square size-wilmer_mikado_image_square wp-post-image\" alt=\"\" \/><\/div>\n<\/a>\n<div class=\"mkdf-pli-text-holder\" >\n\t<div class=\"mkdf-pli-text-wrapper\">\n\t\t<div class=\"mkdf-pli-text\">\n\n            \n\t\t\t    <a href=\"https:\/\/www.pepinfortin.com\/fr\/portfolio-item\/mine-eleonore-goldcorp\/\">\n\t<h4 itemprop=\"name\" class=\"mkdf-pli-title entry-title\" >\n\t\tMine \u00c9l\u00e9onore Goldcorp\t<\/h4>\n    <\/a>\n\n\t\t\t\n\t\t\t\n            \n    <div class=\"mkdf-pl-read-more-holder\">\n    \n    <a itemprop=\"url\" href=\"https:\/\/www.pepinfortin.com\/fr\/portfolio-item\/mine-eleonore-goldcorp\/\" target=\"_self\"  class=\"mkdf-btn mkdf-btn-medium mkdf-btn-simple\"  >\n    <span class=\"mkdf-btn-text\">En savoir plus<\/span>\n    <\/a>\n    <\/div>\n\n    \n\t\t<\/div>\n\t<\/div>\n<\/div>\t\t\n\t\t\t\t\t            <a itemprop=\"url\" class=\"mkdf-pli-link\" data-rel=\"prettyPhoto[rel-gallery-item-9972-1791482181]\" href=\"https:\/\/www.pepinfortin.com\/wp-content\/uploads\/2022\/03\/Batiment-Administratif-et-Garage-Mine-eleonore-Gold-Corp.png\" title=\"Mine \u00c9l\u00e9onore Goldcorp\"><\/a>\n\t    \n   \n\t\t<a itemprop=\"url\"  data-rel=\"prettyPhoto[rel-gallery-item-9972-1791482181]\" href=\"https:\/\/www.pepinfortin.com\/wp-content\/uploads\/2022\/03\/Batiment-Administratif-et-Garage-Mine-eleonore-Gold-Corp.png\" title=\"Mine \u00c9l\u00e9onore Goldcorp\"><\/a>\n\t\t\t\t\t<\/div>\n<\/article>\t<\/div>\n\t\n\t<\/div>\t\t\t\t<\/div>\n\t\t\t\t<\/div>\n\t\t\t\t\t<\/div>\n\t\t<\/div>\n\t\t\t\t\t<\/div>\n\t\t<\/section>\n\t\t\t\t<\/div>\n\t\t","protected":false},"excerpt":{"rendered":"<p>B\u00e2timent de test Find out more<\/p>\n","protected":false},"author":2,"featured_media":0,"parent":0,"menu_order":0,"comment_status":"closed","ping_status":"closed","template":"","meta":{"footnotes":""},"class_list":["post-9569","page","type-page","status-publish","hentry"],"yoast_head":"<!-- This site is optimized with the Yoast SEO plugin v27.4 - https:\/\/yoast.com\/product\/yoast-seo-wordpress\/ -->\n<title>Miniers - P\u00e9pin Fortin Construction<\/title>\n<meta name=\"robots\" content=\"index, follow, max-snippet:-1, max-image-preview:large, max-video-preview:-1\" \/>\n<link rel=\"canonical\" href=\"https:\/\/www.pepinfortin.com\/fr\/miniers\/\" \/>\n<meta property=\"og:locale\" content=\"fr_FR\" \/>\n<meta property=\"og:type\" content=\"article\" \/>\n<meta property=\"og:title\" content=\"Miniers - P\u00e9pin Fortin Construction\" \/>\n<meta property=\"og:description\" content=\"B\u00e2timent de test Find out more\" \/>\n<meta property=\"og:url\" content=\"https:\/\/www.pepinfortin.com\/fr\/miniers\/\" \/>\n<meta property=\"og:site_name\" content=\"P\u00e9pin Fortin Construction\" \/>\n<meta property=\"article:publisher\" content=\"https:\/\/www.facebook.com\/pepinfortinconstruction\" \/>\n<meta property=\"article:modified_time\" content=\"2022-07-05T14:50:44+00:00\" \/>\n<meta property=\"og:image\" content=\"https:\/\/www.pepinfortin.com\/wp-content\/uploads\/2018\/12\/h1-portfolio-img-01-650x650.jpg\" \/>\n<meta name=\"twitter:card\" content=\"summary_large_image\" \/>\n<meta name=\"twitter:label1\" content=\"Dur\u00e9e de lecture estim\u00e9e\" \/>\n\t<meta name=\"twitter:data1\" content=\"1 minute\" \/>\n<script type=\"application\/ld+json\" class=\"yoast-schema-graph\">{\"@context\":\"https:\\\/\\\/schema.org\",\"@graph\":[{\"@type\":\"WebPage\",\"@id\":\"https:\\\/\\\/www.pepinfortin.com\\\/fr\\\/miniers\\\/\",\"url\":\"https:\\\/\\\/www.pepinfortin.com\\\/fr\\\/miniers\\\/\",\"name\":\"Miniers - P\u00e9pin Fortin Construction\",\"isPartOf\":{\"@id\":\"https:\\\/\\\/www.pepinfortin.com\\\/fr\\\/#website\"},\"primaryImageOfPage\":{\"@id\":\"https:\\\/\\\/www.pepinfortin.com\\\/fr\\\/miniers\\\/#primaryimage\"},\"image\":{\"@id\":\"https:\\\/\\\/www.pepinfortin.com\\\/fr\\\/miniers\\\/#primaryimage\"},\"thumbnailUrl\":\"https:\\\/\\\/www.pepinfortin.com\\\/wp-content\\\/uploads\\\/2018\\\/12\\\/h1-portfolio-img-01-650x650.jpg\",\"datePublished\":\"2021-08-19T14:47:15+00:00\",\"dateModified\":\"2022-07-05T14:50:44+00:00\",\"breadcrumb\":{\"@id\":\"https:\\\/\\\/www.pepinfortin.com\\\/fr\\\/miniers\\\/#breadcrumb\"},\"inLanguage\":\"fr-FR\",\"potentialAction\":[{\"@type\":\"ReadAction\",\"target\":[\"https:\\\/\\\/www.pepinfortin.com\\\/fr\\\/miniers\\\/\"]}]},{\"@type\":\"ImageObject\",\"inLanguage\":\"fr-FR\",\"@id\":\"https:\\\/\\\/www.pepinfortin.com\\\/fr\\\/miniers\\\/#primaryimage\",\"url\":\"https:\\\/\\\/www.pepinfortin.com\\\/wp-content\\\/uploads\\\/2018\\\/12\\\/h1-portfolio-img-01-650x650.jpg\",\"contentUrl\":\"https:\\\/\\\/www.pepinfortin.com\\\/wp-content\\\/uploads\\\/2018\\\/12\\\/h1-portfolio-img-01-650x650.jpg\"},{\"@type\":\"BreadcrumbList\",\"@id\":\"https:\\\/\\\/www.pepinfortin.com\\\/fr\\\/miniers\\\/#breadcrumb\",\"itemListElement\":[{\"@type\":\"ListItem\",\"position\":1,\"name\":\"Accueil\",\"item\":\"https:\\\/\\\/www.pepinfortin.com\\\/fr\\\/\"},{\"@type\":\"ListItem\",\"position\":2,\"name\":\"Miniers\"}]},{\"@type\":\"WebSite\",\"@id\":\"https:\\\/\\\/www.pepinfortin.com\\\/fr\\\/#website\",\"url\":\"https:\\\/\\\/www.pepinfortin.com\\\/fr\\\/\",\"name\":\"P\u00e9pin Fortin Construction\",\"description\":\"Entrepreneur g\u00e9n\u00e9ral sur projets d&#039;envergure\",\"publisher\":{\"@id\":\"https:\\\/\\\/www.pepinfortin.com\\\/fr\\\/#organization\"},\"potentialAction\":[{\"@type\":\"SearchAction\",\"target\":{\"@type\":\"EntryPoint\",\"urlTemplate\":\"https:\\\/\\\/www.pepinfortin.com\\\/fr\\\/?s={search_term_string}\"},\"query-input\":{\"@type\":\"PropertyValueSpecification\",\"valueRequired\":true,\"valueName\":\"search_term_string\"}}],\"inLanguage\":\"fr-FR\"},{\"@type\":\"Organization\",\"@id\":\"https:\\\/\\\/www.pepinfortin.com\\\/fr\\\/#organization\",\"name\":\"P\u00e9pin Fortin Construction\",\"url\":\"https:\\\/\\\/www.pepinfortin.com\\\/fr\\\/\",\"logo\":{\"@type\":\"ImageObject\",\"inLanguage\":\"fr-FR\",\"@id\":\"https:\\\/\\\/www.pepinfortin.com\\\/fr\\\/#\\\/schema\\\/logo\\\/image\\\/\",\"url\":\"https:\\\/\\\/www.pepinfortin.com\\\/wp-content\\\/uploads\\\/2021\\\/08\\\/PepinFortin_logo_Vertical-e1629383009540.png\",\"contentUrl\":\"https:\\\/\\\/www.pepinfortin.com\\\/wp-content\\\/uploads\\\/2021\\\/08\\\/PepinFortin_logo_Vertical-e1629383009540.png\",\"width\":300,\"height\":205,\"caption\":\"P\u00e9pin Fortin Construction\"},\"image\":{\"@id\":\"https:\\\/\\\/www.pepinfortin.com\\\/fr\\\/#\\\/schema\\\/logo\\\/image\\\/\"},\"sameAs\":[\"https:\\\/\\\/www.facebook.com\\\/pepinfortinconstruction\",\"https:\\\/\\\/www.linkedin.com\\\/company\\\/ppin-fortin-construction\\\/\"]}]}<\/script>\n<!-- \/ Yoast SEO plugin. -->","yoast_head_json":{"title":"Miniers - P\u00e9pin Fortin Construction","robots":{"index":"index","follow":"follow","max-snippet":"max-snippet:-1","max-image-preview":"max-image-preview:large","max-video-preview":"max-video-preview:-1"},"canonical":"https:\/\/www.pepinfortin.com\/fr\/miniers\/","og_locale":"fr_FR","og_type":"article","og_title":"Miniers - P\u00e9pin Fortin Construction","og_description":"B\u00e2timent de test Find out more","og_url":"https:\/\/www.pepinfortin.com\/fr\/miniers\/","og_site_name":"P\u00e9pin Fortin Construction","article_publisher":"https:\/\/www.facebook.com\/pepinfortinconstruction","article_modified_time":"2022-07-05T14:50:44+00:00","og_image":[{"url":"https:\/\/www.pepinfortin.com\/wp-content\/uploads\/2018\/12\/h1-portfolio-img-01-650x650.jpg","type":"","width":"","height":""}],"twitter_card":"summary_large_image","twitter_misc":{"Dur\u00e9e de lecture estim\u00e9e":"1 minute"},"schema":{"@context":"https:\/\/schema.org","@graph":[{"@type":"WebPage","@id":"https:\/\/www.pepinfortin.com\/fr\/miniers\/","url":"https:\/\/www.pepinfortin.com\/fr\/miniers\/","name":"Miniers - P\u00e9pin Fortin Construction","isPartOf":{"@id":"https:\/\/www.pepinfortin.com\/fr\/#website"},"primaryImageOfPage":{"@id":"https:\/\/www.pepinfortin.com\/fr\/miniers\/#primaryimage"},"image":{"@id":"https:\/\/www.pepinfortin.com\/fr\/miniers\/#primaryimage"},"thumbnailUrl":"https:\/\/www.pepinfortin.com\/wp-content\/uploads\/2018\/12\/h1-portfolio-img-01-650x650.jpg","datePublished":"2021-08-19T14:47:15+00:00","dateModified":"2022-07-05T14:50:44+00:00","breadcrumb":{"@id":"https:\/\/www.pepinfortin.com\/fr\/miniers\/#breadcrumb"},"inLanguage":"fr-FR","potentialAction":[{"@type":"ReadAction","target":["https:\/\/www.pepinfortin.com\/fr\/miniers\/"]}]},{"@type":"ImageObject","inLanguage":"fr-FR","@id":"https:\/\/www.pepinfortin.com\/fr\/miniers\/#primaryimage","url":"https:\/\/www.pepinfortin.com\/wp-content\/uploads\/2018\/12\/h1-portfolio-img-01-650x650.jpg","contentUrl":"https:\/\/www.pepinfortin.com\/wp-content\/uploads\/2018\/12\/h1-portfolio-img-01-650x650.jpg"},{"@type":"BreadcrumbList","@id":"https:\/\/www.pepinfortin.com\/fr\/miniers\/#breadcrumb","itemListElement":[{"@type":"ListItem","position":1,"name":"Accueil","item":"https:\/\/www.pepinfortin.com\/fr\/"},{"@type":"ListItem","position":2,"name":"Miniers"}]},{"@type":"WebSite","@id":"https:\/\/www.pepinfortin.com\/fr\/#website","url":"https:\/\/www.pepinfortin.com\/fr\/","name":"P\u00e9pin Fortin Construction","description":"Entrepreneur g\u00e9n\u00e9ral sur projets d&#039;envergure","publisher":{"@id":"https:\/\/www.pepinfortin.com\/fr\/#organization"},"potentialAction":[{"@type":"SearchAction","target":{"@type":"EntryPoint","urlTemplate":"https:\/\/www.pepinfortin.com\/fr\/?s={search_term_string}"},"query-input":{"@type":"PropertyValueSpecification","valueRequired":true,"valueName":"search_term_string"}}],"inLanguage":"fr-FR"},{"@type":"Organization","@id":"https:\/\/www.pepinfortin.com\/fr\/#organization","name":"P\u00e9pin Fortin Construction","url":"https:\/\/www.pepinfortin.com\/fr\/","logo":{"@type":"ImageObject","inLanguage":"fr-FR","@id":"https:\/\/www.pepinfortin.com\/fr\/#\/schema\/logo\/image\/","url":"https:\/\/www.pepinfortin.com\/wp-content\/uploads\/2021\/08\/PepinFortin_logo_Vertical-e1629383009540.png","contentUrl":"https:\/\/www.pepinfortin.com\/wp-content\/uploads\/2021\/08\/PepinFortin_logo_Vertical-e1629383009540.png","width":300,"height":205,"caption":"P\u00e9pin Fortin Construction"},"image":{"@id":"https:\/\/www.pepinfortin.com\/fr\/#\/schema\/logo\/image\/"},"sameAs":["https:\/\/www.facebook.com\/pepinfortinconstruction","https:\/\/www.linkedin.com\/company\/ppin-fortin-construction\/"]}]}},"_links":{"self":[{"href":"https:\/\/www.pepinfortin.com\/fr\/wp-json\/wp\/v2\/pages\/9569","targetHints":{"allow":["GET"]}}],"collection":[{"href":"https:\/\/www.pepinfortin.com\/fr\/wp-json\/wp\/v2\/pages"}],"about":[{"href":"https:\/\/www.pepinfortin.com\/fr\/wp-json\/wp\/v2\/types\/page"}],"author":[{"embeddable":true,"href":"https:\/\/www.pepinfortin.com\/fr\/wp-json\/wp\/v2\/users\/2"}],"replies":[{"embeddable":true,"href":"https:\/\/www.pepinfortin.com\/fr\/wp-json\/wp\/v2\/comments?post=9569"}],"version-history":[{"count":5,"href":"https:\/\/www.pepinfortin.com\/fr\/wp-json\/wp\/v2\/pages\/9569\/revisions"}],"predecessor-version":[{"id":11148,"href":"https:\/\/www.pepinfortin.com\/fr\/wp-json\/wp\/v2\/pages\/9569\/revisions\/11148"}],"wp:attachment":[{"href":"https:\/\/www.pepinfortin.com\/fr\/wp-json\/wp\/v2\/media?parent=9569"}],"curies":[{"name":"wp","href":"https:\/\/api.w.org\/{rel}","templated":true}]}}