{"id":1743,"date":"2018-12-18T10:02:14","date_gmt":"2018-12-18T15:02:14","guid":{"rendered":"https:\/\/wilmer.qodeinteractive.com\/elementor\/?page_id=1743"},"modified":"2026-02-02T10:40:08","modified_gmt":"2026-02-02T15:40:08","slug":"contact","status":"publish","type":"page","link":"https:\/\/www.pepinfortin.com\/fr\/contact\/","title":{"rendered":"Contactez-nous"},"content":{"rendered":"\t\t<div data-elementor-type=\"wp-page\" data-elementor-id=\"1743\" class=\"elementor elementor-1743\">\n\t\t\t\t\t\t<section class=\"elementor-section elementor-top-section elementor-element elementor-element-c5569ff mkdf-elementor-row-grid-section elementor-section-boxed elementor-section-height-default elementor-section-height-default mkdf-parallax-row-no mkdf-content-aligment-left mkdf-disabled-bg-image-bellow-no mkdf-row-btt-light\" data-id=\"c5569ff\" data-element_type=\"section\">\n\t\t\t\t\t\t<div class=\"elementor-container elementor-column-gap-default\">\n\t\t\t\t\t<div class=\"elementor-column elementor-col-50 elementor-top-column elementor-element elementor-element-61afb6b\" data-id=\"61afb6b\" data-element_type=\"column\">\n\t\t\t<div class=\"elementor-widget-wrap elementor-element-populated\">\n\t\t\t\t\t\t<div class=\"elementor-element elementor-element-c9c5371 elementor-widget elementor-widget-text-editor\" data-id=\"c9c5371\" data-element_type=\"widget\" data-widget_type=\"text-editor.default\">\n\t\t\t\t<div class=\"elementor-widget-container\">\n\t\t\t\t\t\t\t\t\t<h4>Bureaux \u00e0 Victoriaville<\/h4>\t\t\t\t\t\t\t\t<\/div>\n\t\t\t\t<\/div>\n\t\t\t\t<div class=\"elementor-element elementor-element-432ec36 elementor-widget elementor-widget-mkdf_icon_with_text\" data-id=\"432ec36\" data-element_type=\"widget\" data-widget_type=\"mkdf_icon_with_text.default\">\n\t\t\t\t<div class=\"elementor-widget-container\">\n\t\t\t\t\t<div class=\"mkdf-iwt clearfix mkdf-iwt-title-text mkdf-iwt-icon-left  mkdf-iwt-icon-tiny\" >\n\t<div class=\"mkdf-iwt-icon\">\n\t\t\t\t\t<a itemprop=\"url\" href=\"https:\/\/www.google.ca\/maps\/place\/P%C3%A9pin+Fortin+Construction\/@46.0335386,-71.9397703,17z\/data=!3m1!4b1!4m5!3m4!1s0x4cb8022bdaa84327:0xf387919c2a087396!8m2!3d46.0333656!4d-71.9377459\" target=\"_blank\">\n\t\t\t\t\t\t\t\t\t    <span class=\"mkdf-icon-shortcode mkdf-normal   mkdf-icon-tiny\"  data-hover-color=\"#FF5E14\">\n                    <i class=\"mkdf-icon-simple-line-icon icon-location-pin mkdf-icon-element\" style=\"font-size:18px\" ><\/i>            <\/span>\n\t\t\t\t\t\t\t\t<\/a>\n\t\t\t<\/div>\n\t<div class=\"mkdf-iwt-content\" style=\"padding-left: 18px\">\n        \t\t\t\t\t<h5 class=\"mkdf-iwt-title\" >\n\t\t\t\t\t\t\t\t\t<a itemprop=\"url\" href=\"https:\/\/www.google.ca\/maps\/place\/P%C3%A9pin+Fortin+Construction\/@46.0335386,-71.9397703,17z\/data=!3m1!4b1!4m5!3m4!1s0x4cb8022bdaa84327:0xf387919c2a087396!8m2!3d46.0333656!4d-71.9377459\" target=\"_blank\">\n\t\t\t\t\t\t\t\t<span class=\"mkdf-iwt-title-text\">372, avenue Pie-X Saint-Christophe d&#039;Arthabaska (Victoriaville), Qu\u00e9bec, G6R&nbsp;0M2<\/span>\n\t\t\t\t\t\t\t\t\t<\/a>\n\t\t\t\t\t\t\t<\/h5>\n\t\t\t\t\t<\/div>\n<\/div>\t\t\t\t<\/div>\n\t\t\t\t<\/div>\n\t\t\t\t<div class=\"elementor-element elementor-element-e95f2c3 elementor-widget elementor-widget-mkdf_icon_with_text\" data-id=\"e95f2c3\" data-element_type=\"widget\" data-widget_type=\"mkdf_icon_with_text.default\">\n\t\t\t\t<div class=\"elementor-widget-container\">\n\t\t\t\t\t<div class=\"mkdf-iwt clearfix  mkdf-iwt-icon-left  mkdf-iwt-icon-tiny\" >\n\t<div class=\"mkdf-iwt-icon\">\n\t\t\t\t\t<a itemprop=\"url\" href=\"tel:8193579274\" target=\"_self\">\n\t\t\t\t\t\t\t\t\t    <span class=\"mkdf-icon-shortcode mkdf-normal   mkdf-icon-tiny\"  data-hover-color=\"#FF5E14\">\n                    <i class=\"mkdf-icon-simple-line-icon icon-phone mkdf-icon-element\" style=\"font-size:18px\" ><\/i>            <\/span>\n\t\t\t\t\t\t\t\t<\/a>\n\t\t\t<\/div>\n\t<div class=\"mkdf-iwt-content\" style=\"padding-left: 17px\">\n        \t\t\t\t\t<h5 class=\"mkdf-iwt-title\" >\n\t\t\t\t\t\t\t\t\t<a itemprop=\"url\" href=\"tel:8193579274\" target=\"_self\">\n\t\t\t\t\t\t\t\t<span class=\"mkdf-iwt-title-text\">(819) 357-9274<\/span>\n\t\t\t\t\t\t\t\t\t<\/a>\n\t\t\t\t\t\t\t<\/h5>\n\t\t\t\t\t<\/div>\n<\/div>\t\t\t\t<\/div>\n\t\t\t\t<\/div>\n\t\t\t\t<div class=\"elementor-element elementor-element-9cda9c9 elementor-widget elementor-widget-mkdf_icon_with_text\" data-id=\"9cda9c9\" data-element_type=\"widget\" data-widget_type=\"mkdf_icon_with_text.default\">\n\t\t\t\t<div class=\"elementor-widget-container\">\n\t\t\t\t\t<div class=\"mkdf-iwt clearfix  mkdf-iwt-icon-left  mkdf-iwt-icon-tiny\" >\n\t<div class=\"mkdf-iwt-icon\">\n\t\t\t\t\t<a itemprop=\"url\" href=\"mailto:victo@pepinfortin.com\" target=\"_self\">\n\t\t\t\t\t\t\t\t\t    <span class=\"mkdf-icon-shortcode mkdf-normal   mkdf-icon-tiny\"  data-hover-color=\"#FF5E14\">\n                    <i class=\"mkdf-icon-simple-line-icon icon-envelope mkdf-icon-element\" style=\"font-size:18px\" ><\/i>            <\/span>\n\t\t\t\t\t\t\t\t<\/a>\n\t\t\t<\/div>\n\t<div class=\"mkdf-iwt-content\" style=\"padding-left: 17px\">\n        \t\t\t\t\t<h5 class=\"mkdf-iwt-title\" >\n\t\t\t\t\t\t\t\t\t<a itemprop=\"url\" href=\"mailto:victo@pepinfortin.com\" target=\"_self\">\n\t\t\t\t\t\t\t\t<span class=\"mkdf-iwt-title-text\">victo@pepinfortin.com<\/span>\n\t\t\t\t\t\t\t\t\t<\/a>\n\t\t\t\t\t\t\t<\/h5>\n\t\t\t\t\t<\/div>\n<\/div>\t\t\t\t<\/div>\n\t\t\t\t<\/div>\n\t\t\t\t\t<\/div>\n\t\t<\/div>\n\t\t\t\t<div class=\"elementor-column elementor-col-50 elementor-top-column elementor-element elementor-element-9275146\" data-id=\"9275146\" data-element_type=\"column\">\n\t\t\t<div class=\"elementor-widget-wrap elementor-element-populated\">\n\t\t\t\t\t\t<div class=\"elementor-element elementor-element-1dce09d elementor-widget elementor-widget-mkdf_cf7\" data-id=\"1dce09d\" data-element_type=\"widget\" data-widget_type=\"mkdf_cf7.default\">\n\t\t\t\t<div class=\"elementor-widget-container\">\n\t\t\t\t\t    \n<div class=\"wpcf7 no-js\" id=\"wpcf7-f9325-o1\" lang=\"en-US\" dir=\"ltr\" data-wpcf7-id=\"9325\">\n<div class=\"screen-reader-response\"><p role=\"status\" aria-live=\"polite\" aria-atomic=\"true\"><\/p> <ul><\/ul><\/div>\n<form action=\"\/fr\/wp-json\/wp\/v2\/pages\/1743#wpcf7-f9325-o1\" method=\"post\" class=\"wpcf7-form init cf7_custom_style_1\" aria-label=\"Contact form\" novalidate=\"novalidate\" data-status=\"init\">\n<fieldset class=\"hidden-fields-container\"><input type=\"hidden\" name=\"_wpcf7\" value=\"9325\" \/><input type=\"hidden\" name=\"_wpcf7_version\" value=\"6.1.5\" \/><input type=\"hidden\" name=\"_wpcf7_locale\" value=\"en_US\" \/><input type=\"hidden\" name=\"_wpcf7_unit_tag\" value=\"wpcf7-f9325-o1\" \/><input type=\"hidden\" name=\"_wpcf7_container_post\" value=\"0\" \/><input type=\"hidden\" name=\"_wpcf7_posted_data_hash\" value=\"\" \/><input type=\"hidden\" name=\"_wpcf7_recaptcha_response\" value=\"\" \/>\n<\/fieldset>\n<div> \n      <h6>Votre nom complet <span class=\"mkdf-form-required-label\">requis<\/span><\/h6>\n      <span class=\"wpcf7-form-control-wrap\" data-name=\"your-name\"><input size=\"40\" maxlength=\"400\" class=\"wpcf7-form-control wpcf7-text wpcf7-validates-as-required\" aria-required=\"true\" aria-invalid=\"false\" value=\"\" type=\"text\" name=\"your-name\" \/><\/span> \n<\/div>\n\n<div> <h6>Votre courriel <span class=\"mkdf-form-required-label\">requis<\/span><\/h6>\n    <span class=\"wpcf7-form-control-wrap\" data-name=\"your-email\"><input size=\"40\" maxlength=\"400\" class=\"wpcf7-form-control wpcf7-email wpcf7-validates-as-required wpcf7-text wpcf7-validates-as-email\" aria-required=\"true\" aria-invalid=\"false\" value=\"\" type=\"email\" name=\"your-email\" \/><\/span> <\/div>\n\n<div> <h6>Votre message <span class=\"mkdf-form-required-label\">requis<\/span><\/h6>\n    <span class=\"wpcf7-form-control-wrap\" data-name=\"your-message\"><textarea cols=\"40\" rows=\"10\" maxlength=\"2000\" class=\"wpcf7-form-control wpcf7-textarea wpcf7-validates-as-required\" aria-required=\"true\" aria-invalid=\"false\" name=\"your-message\"><\/textarea><\/span> <\/div>\n\n<button class=\"wpcf7-form-control wpcf7-submit mkdf-btn mkdf-btn-medium mkdf-btn-solid\" type=\"submit\"><span class=\"mkdf-btn-text\">Envoyer<\/span><\/button><div class=\"wpcf7-response-output\" aria-hidden=\"true\"><\/div>\n<\/form>\n<\/div>\n\t\t\t\t<\/div>\n\t\t\t\t<\/div>\n\t\t\t\t\t<\/div>\n\t\t<\/div>\n\t\t\t\t\t<\/div>\n\t\t<\/section>\n\t\t\t\t<\/div>\n\t\t","protected":false},"excerpt":{"rendered":"<p>Bureaux \u00e0 Victoriaville 372, avenue Pie-X Saint-Christophe d&#039;Arthabaska (Victoriaville), Qu\u00e9bec, G6R&nbsp;0M2 (819) 357-9274 victo@pepinfortin.com Votre nom complet requis Votre courriel requis Votre message requis Envoyer<\/p>\n","protected":false},"author":1,"featured_media":0,"parent":0,"menu_order":0,"comment_status":"closed","ping_status":"closed","template":"full-width.php","meta":{"footnotes":""},"class_list":["post-1743","page","type-page","status-publish","hentry"],"yoast_head":"<!-- This site is optimized with the Yoast SEO plugin v27.5 - https:\/\/yoast.com\/product\/yoast-seo-wordpress\/ -->\n<title>Contactez-nous - P\u00e9pin Fortin Construction<\/title>\n<meta name=\"robots\" content=\"index, follow, max-snippet:-1, max-image-preview:large, max-video-preview:-1\" \/>\n<link rel=\"canonical\" href=\"https:\/\/www.pepinfortin.com\/fr\/contact\/\" \/>\n<meta property=\"og:locale\" content=\"fr_FR\" \/>\n<meta property=\"og:type\" content=\"article\" \/>\n<meta property=\"og:title\" content=\"Contactez-nous - P\u00e9pin Fortin Construction\" \/>\n<meta property=\"og:description\" content=\"Bureaux \u00e0 Victoriaville 372, avenue Pie-X Saint-Christophe d&#039;Arthabaska (Victoriaville), Qu\u00e9bec, G6R&nbsp;0M2 (819) 357-9274 victo@pepinfortin.com Votre nom complet requis Votre courriel requis Votre message requis Envoyer\" \/>\n<meta property=\"og:url\" content=\"https:\/\/www.pepinfortin.com\/fr\/contact\/\" \/>\n<meta property=\"og:site_name\" content=\"P\u00e9pin Fortin Construction\" \/>\n<meta property=\"article:publisher\" content=\"https:\/\/www.facebook.com\/pepinfortinconstruction\" \/>\n<meta property=\"article:modified_time\" content=\"2026-02-02T15:40:08+00:00\" \/>\n<meta name=\"twitter:card\" content=\"summary_large_image\" \/>\n<meta name=\"twitter:label1\" content=\"Dur\u00e9e de lecture estim\u00e9e\" \/>\n\t<meta name=\"twitter:data1\" content=\"1 minute\" \/>\n<script type=\"application\/ld+json\" class=\"yoast-schema-graph\">{\"@context\":\"https:\\\/\\\/schema.org\",\"@graph\":[{\"@type\":\"WebPage\",\"@id\":\"https:\\\/\\\/www.pepinfortin.com\\\/fr\\\/contact\\\/\",\"url\":\"https:\\\/\\\/www.pepinfortin.com\\\/fr\\\/contact\\\/\",\"name\":\"Contactez-nous - P\u00e9pin Fortin Construction\",\"isPartOf\":{\"@id\":\"https:\\\/\\\/www.pepinfortin.com\\\/fr\\\/#website\"},\"datePublished\":\"2018-12-18T15:02:14+00:00\",\"dateModified\":\"2026-02-02T15:40:08+00:00\",\"breadcrumb\":{\"@id\":\"https:\\\/\\\/www.pepinfortin.com\\\/fr\\\/contact\\\/#breadcrumb\"},\"inLanguage\":\"fr-FR\",\"potentialAction\":[{\"@type\":\"ReadAction\",\"target\":[\"https:\\\/\\\/www.pepinfortin.com\\\/fr\\\/contact\\\/\"]}]},{\"@type\":\"BreadcrumbList\",\"@id\":\"https:\\\/\\\/www.pepinfortin.com\\\/fr\\\/contact\\\/#breadcrumb\",\"itemListElement\":[{\"@type\":\"ListItem\",\"position\":1,\"name\":\"Accueil\",\"item\":\"https:\\\/\\\/www.pepinfortin.com\\\/fr\\\/\"},{\"@type\":\"ListItem\",\"position\":2,\"name\":\"Contactez-nous\"}]},{\"@type\":\"WebSite\",\"@id\":\"https:\\\/\\\/www.pepinfortin.com\\\/fr\\\/#website\",\"url\":\"https:\\\/\\\/www.pepinfortin.com\\\/fr\\\/\",\"name\":\"P\u00e9pin Fortin Construction\",\"description\":\"Entrepreneur g\u00e9n\u00e9ral sur projets d&#039;envergure\",\"publisher\":{\"@id\":\"https:\\\/\\\/www.pepinfortin.com\\\/fr\\\/#organization\"},\"potentialAction\":[{\"@type\":\"SearchAction\",\"target\":{\"@type\":\"EntryPoint\",\"urlTemplate\":\"https:\\\/\\\/www.pepinfortin.com\\\/fr\\\/?s={search_term_string}\"},\"query-input\":{\"@type\":\"PropertyValueSpecification\",\"valueRequired\":true,\"valueName\":\"search_term_string\"}}],\"inLanguage\":\"fr-FR\"},{\"@type\":\"Organization\",\"@id\":\"https:\\\/\\\/www.pepinfortin.com\\\/fr\\\/#organization\",\"name\":\"P\u00e9pin Fortin Construction\",\"url\":\"https:\\\/\\\/www.pepinfortin.com\\\/fr\\\/\",\"logo\":{\"@type\":\"ImageObject\",\"inLanguage\":\"fr-FR\",\"@id\":\"https:\\\/\\\/www.pepinfortin.com\\\/fr\\\/#\\\/schema\\\/logo\\\/image\\\/\",\"url\":\"https:\\\/\\\/www.pepinfortin.com\\\/wp-content\\\/uploads\\\/2021\\\/08\\\/PepinFortin_logo_Vertical-e1629383009540.png\",\"contentUrl\":\"https:\\\/\\\/www.pepinfortin.com\\\/wp-content\\\/uploads\\\/2021\\\/08\\\/PepinFortin_logo_Vertical-e1629383009540.png\",\"width\":300,\"height\":205,\"caption\":\"P\u00e9pin Fortin Construction\"},\"image\":{\"@id\":\"https:\\\/\\\/www.pepinfortin.com\\\/fr\\\/#\\\/schema\\\/logo\\\/image\\\/\"},\"sameAs\":[\"https:\\\/\\\/www.facebook.com\\\/pepinfortinconstruction\",\"https:\\\/\\\/www.linkedin.com\\\/company\\\/ppin-fortin-construction\\\/\"]}]}<\/script>\n<!-- \/ Yoast SEO plugin. -->","yoast_head_json":{"title":"Contactez-nous - P\u00e9pin Fortin Construction","robots":{"index":"index","follow":"follow","max-snippet":"max-snippet:-1","max-image-preview":"max-image-preview:large","max-video-preview":"max-video-preview:-1"},"canonical":"https:\/\/www.pepinfortin.com\/fr\/contact\/","og_locale":"fr_FR","og_type":"article","og_title":"Contactez-nous - P\u00e9pin Fortin Construction","og_description":"Bureaux \u00e0 Victoriaville 372, avenue Pie-X Saint-Christophe d&#039;Arthabaska (Victoriaville), Qu\u00e9bec, G6R&nbsp;0M2 (819) 357-9274 victo@pepinfortin.com Votre nom complet requis Votre courriel requis Votre message requis Envoyer","og_url":"https:\/\/www.pepinfortin.com\/fr\/contact\/","og_site_name":"P\u00e9pin Fortin Construction","article_publisher":"https:\/\/www.facebook.com\/pepinfortinconstruction","article_modified_time":"2026-02-02T15:40:08+00:00","twitter_card":"summary_large_image","twitter_misc":{"Dur\u00e9e de lecture estim\u00e9e":"1 minute"},"schema":{"@context":"https:\/\/schema.org","@graph":[{"@type":"WebPage","@id":"https:\/\/www.pepinfortin.com\/fr\/contact\/","url":"https:\/\/www.pepinfortin.com\/fr\/contact\/","name":"Contactez-nous - P\u00e9pin Fortin Construction","isPartOf":{"@id":"https:\/\/www.pepinfortin.com\/fr\/#website"},"datePublished":"2018-12-18T15:02:14+00:00","dateModified":"2026-02-02T15:40:08+00:00","breadcrumb":{"@id":"https:\/\/www.pepinfortin.com\/fr\/contact\/#breadcrumb"},"inLanguage":"fr-FR","potentialAction":[{"@type":"ReadAction","target":["https:\/\/www.pepinfortin.com\/fr\/contact\/"]}]},{"@type":"BreadcrumbList","@id":"https:\/\/www.pepinfortin.com\/fr\/contact\/#breadcrumb","itemListElement":[{"@type":"ListItem","position":1,"name":"Accueil","item":"https:\/\/www.pepinfortin.com\/fr\/"},{"@type":"ListItem","position":2,"name":"Contactez-nous"}]},{"@type":"WebSite","@id":"https:\/\/www.pepinfortin.com\/fr\/#website","url":"https:\/\/www.pepinfortin.com\/fr\/","name":"P\u00e9pin Fortin Construction","description":"Entrepreneur g\u00e9n\u00e9ral sur projets d&#039;envergure","publisher":{"@id":"https:\/\/www.pepinfortin.com\/fr\/#organization"},"potentialAction":[{"@type":"SearchAction","target":{"@type":"EntryPoint","urlTemplate":"https:\/\/www.pepinfortin.com\/fr\/?s={search_term_string}"},"query-input":{"@type":"PropertyValueSpecification","valueRequired":true,"valueName":"search_term_string"}}],"inLanguage":"fr-FR"},{"@type":"Organization","@id":"https:\/\/www.pepinfortin.com\/fr\/#organization","name":"P\u00e9pin Fortin Construction","url":"https:\/\/www.pepinfortin.com\/fr\/","logo":{"@type":"ImageObject","inLanguage":"fr-FR","@id":"https:\/\/www.pepinfortin.com\/fr\/#\/schema\/logo\/image\/","url":"https:\/\/www.pepinfortin.com\/wp-content\/uploads\/2021\/08\/PepinFortin_logo_Vertical-e1629383009540.png","contentUrl":"https:\/\/www.pepinfortin.com\/wp-content\/uploads\/2021\/08\/PepinFortin_logo_Vertical-e1629383009540.png","width":300,"height":205,"caption":"P\u00e9pin Fortin Construction"},"image":{"@id":"https:\/\/www.pepinfortin.com\/fr\/#\/schema\/logo\/image\/"},"sameAs":["https:\/\/www.facebook.com\/pepinfortinconstruction","https:\/\/www.linkedin.com\/company\/ppin-fortin-construction\/"]}]}},"_links":{"self":[{"href":"https:\/\/www.pepinfortin.com\/fr\/wp-json\/wp\/v2\/pages\/1743","targetHints":{"allow":["GET"]}}],"collection":[{"href":"https:\/\/www.pepinfortin.com\/fr\/wp-json\/wp\/v2\/pages"}],"about":[{"href":"https:\/\/www.pepinfortin.com\/fr\/wp-json\/wp\/v2\/types\/page"}],"author":[{"embeddable":true,"href":"https:\/\/www.pepinfortin.com\/fr\/wp-json\/wp\/v2\/users\/1"}],"replies":[{"embeddable":true,"href":"https:\/\/www.pepinfortin.com\/fr\/wp-json\/wp\/v2\/comments?post=1743"}],"version-history":[{"count":57,"href":"https:\/\/www.pepinfortin.com\/fr\/wp-json\/wp\/v2\/pages\/1743\/revisions"}],"predecessor-version":[{"id":11382,"href":"https:\/\/www.pepinfortin.com\/fr\/wp-json\/wp\/v2\/pages\/1743\/revisions\/11382"}],"wp:attachment":[{"href":"https:\/\/www.pepinfortin.com\/fr\/wp-json\/wp\/v2\/media?parent=1743"}],"curies":[{"name":"wp","href":"https:\/\/api.w.org\/{rel}","templated":true}]}}