{"id":1501,"date":"2018-12-17T11:08:02","date_gmt":"2018-12-17T16:08:02","guid":{"rendered":"https:\/\/wilmer.qodeinteractive.com\/elementor\/?page_id=1501"},"modified":"2023-04-25T09:28:45","modified_gmt":"2023-04-25T13:28:45","slug":"equipe","status":"publish","type":"page","link":"https:\/\/www.pepinfortin.com\/fr\/a-propos\/equipe\/","title":{"rendered":"Notre \u00e9quipe"},"content":{"rendered":"\t\t<div data-elementor-type=\"wp-page\" data-elementor-id=\"1501\" class=\"elementor elementor-1501\">\n\t\t\t\t\t\t<section class=\"elementor-section elementor-top-section elementor-element elementor-element-7209875 elementor-section-boxed elementor-section-height-default elementor-section-height-default mkdf-parallax-row-no mkdf-content-aligment-left mkdf-elementor-row-grid-no mkdf-disabled-bg-image-bellow-no mkdf-row-btt-light\" data-id=\"7209875\" data-element_type=\"section\">\n\t\t\t\t\t\t<div class=\"elementor-container elementor-column-gap-default\">\n\t\t\t\t\t<div class=\"elementor-column elementor-col-100 elementor-top-column elementor-element elementor-element-ed405dc\" data-id=\"ed405dc\" data-element_type=\"column\">\n\t\t\t<div class=\"elementor-widget-wrap elementor-element-populated\">\n\t\t\t\t\t\t<div class=\"elementor-element elementor-element-afbb33b elementor-widget elementor-widget-text-editor\" data-id=\"afbb33b\" data-element_type=\"widget\" data-widget_type=\"text-editor.default\">\n\t\t\t\t<div class=\"elementor-widget-container\">\n\t\t\t\t\t\t\t\t\t<p>Toute notre \u00e9quipe fait preuve de d\u00e9vouement et de professionnalisme pour mener \u00e0 bien votre projet, qu&rsquo;il soit \u00e0 prix forfaitaire, cl\u00e9 en main ou en gestion \u00e0 co\u00fbts contr\u00f4l\u00e9s, <strong>P\u00c9PIN FORTIN CONSTRUCTION<\/strong> met tout en \u0153uvre pour r\u00e9pondre \u00e0 vos r\u00e9els besoins.<\/p><p>De notre personnel de plus de 200\u00a0employ\u00e9s consciencieux et d\u00e9vou\u00e9s, une vingtaine d&rsquo;entre eux occupe des postes d\u2019ing\u00e9nieurs et de techniciens en architecture et en g\u00e9nie civil et plus d\u2019une centaine exerce leurs fonctions sur les chantiers (charpentiers, op\u00e9rateurs, etc.). Tous sont des experts dans leur domaine respectif et comptent plusieurs ann\u00e9es d\u2019exp\u00e9rience.<\/p><p>Notre force est notre flexibilit\u00e9, notre engagement \u00e0 trouver des solutions et de notre capacit\u00e9 \u00e0 innover et \u00e0 r\u00e9ussir \u00e0 mener \u00e0 terme les projets les plus ambitieux. Une \u00e9quipe de gestionnaires d\u00e9vou\u00e9s et qualifi\u00e9s dirigent <strong>P\u00c9PIN FORTIN CONSTRUCTION<\/strong>. Ils sont l\u00e0 pour soutenir chaque employ\u00e9 dans son accomplissement personnel dans le d\u00e9veloppement de l&rsquo;entreprise.<\/p>\t\t\t\t\t\t\t\t<\/div>\n\t\t\t\t<\/div>\n\t\t\t\t\t<\/div>\n\t\t<\/div>\n\t\t\t\t\t<\/div>\n\t\t<\/section>\n\t\t\t\t<section class=\"elementor-section elementor-top-section elementor-element elementor-element-af80a0f elementor-section-boxed elementor-section-height-default elementor-section-height-default mkdf-parallax-row-no mkdf-content-aligment-left mkdf-elementor-row-grid-no mkdf-disabled-bg-image-bellow-no mkdf-row-btt-light\" data-id=\"af80a0f\" data-element_type=\"section\">\n\t\t\t\t\t\t<div class=\"elementor-container elementor-column-gap-default\">\n\t\t\t\t\t<div class=\"elementor-column elementor-col-50 elementor-top-column elementor-element elementor-element-2f47d02\" data-id=\"2f47d02\" data-element_type=\"column\">\n\t\t\t<div class=\"elementor-widget-wrap elementor-element-populated\">\n\t\t\t\t\t\t<div class=\"elementor-element elementor-element-8c77ed2 elementor-widget elementor-widget-text-editor\" data-id=\"8c77ed2\" data-element_type=\"widget\" data-widget_type=\"text-editor.default\">\n\t\t\t\t<div class=\"elementor-widget-container\">\n\t\t\t\t\t\t\t\t\t<p><strong>St\u00e9phan McKenzie<\/strong><br \/>Pr\u00e9sident<br \/>smckenzie@pepinfortin.com<\/p><p><strong>Jimmy Cayer<\/strong><br \/>Directeur g\u00e9n\u00e9ral<br \/>jcayer@pepinfortin.com<\/p>\t\t\t\t\t\t\t\t<\/div>\n\t\t\t\t<\/div>\n\t\t\t\t\t<\/div>\n\t\t<\/div>\n\t\t\t\t<div class=\"elementor-column elementor-col-50 elementor-top-column elementor-element elementor-element-ff2cb89\" data-id=\"ff2cb89\" data-element_type=\"column\">\n\t\t\t<div class=\"elementor-widget-wrap elementor-element-populated\">\n\t\t\t\t\t\t<div class=\"elementor-element elementor-element-f7ad5e3 elementor-widget elementor-widget-text-editor\" data-id=\"f7ad5e3\" data-element_type=\"widget\" data-widget_type=\"text-editor.default\">\n\t\t\t\t<div class=\"elementor-widget-container\">\n\t\t\t\t\t\t\t\t\t<p>\u00a0<\/p><p><strong>Isaac Turcotte<\/strong><br \/>Directeur Construction Victoriaville<br \/>iturcotte@pepinfortin.com<\/p>\t\t\t\t\t\t\t\t<\/div>\n\t\t\t\t<\/div>\n\t\t\t\t\t<\/div>\n\t\t<\/div>\n\t\t\t\t\t<\/div>\n\t\t<\/section>\n\t\t\t\t<\/div>\n\t\t","protected":false},"excerpt":{"rendered":"<p>Toute notre \u00e9quipe fait preuve de d\u00e9vouement et de professionnalisme pour mener \u00e0 bien votre projet, qu&rsquo;il soit \u00e0 prix forfaitaire, cl\u00e9 en main ou en gestion \u00e0 co\u00fbts contr\u00f4l\u00e9s, P\u00c9PIN FORTIN CONSTRUCTION met tout en \u0153uvre pour r\u00e9pondre \u00e0 [&hellip;]<\/p>\n","protected":false},"author":1,"featured_media":0,"parent":1458,"menu_order":1,"comment_status":"closed","ping_status":"closed","template":"full-width.php","meta":{"footnotes":""},"class_list":["post-1501","page","type-page","status-publish","hentry"],"yoast_head":"<!-- This site is optimized with the Yoast SEO plugin v27.4 - https:\/\/yoast.com\/product\/yoast-seo-wordpress\/ -->\n<title>Notre \u00e9quipe - P\u00e9pin Fortin Construction<\/title>\n<meta name=\"robots\" content=\"index, follow, max-snippet:-1, max-image-preview:large, max-video-preview:-1\" \/>\n<link rel=\"canonical\" href=\"https:\/\/www.pepinfortin.com\/fr\/a-propos\/equipe\/\" \/>\n<meta property=\"og:locale\" content=\"fr_FR\" \/>\n<meta property=\"og:type\" content=\"article\" \/>\n<meta property=\"og:title\" content=\"Notre \u00e9quipe - P\u00e9pin Fortin Construction\" \/>\n<meta property=\"og:description\" content=\"Toute notre \u00e9quipe fait preuve de d\u00e9vouement et de professionnalisme pour mener \u00e0 bien votre projet, qu&rsquo;il soit \u00e0 prix forfaitaire, cl\u00e9 en main ou en gestion \u00e0 co\u00fbts contr\u00f4l\u00e9s, P\u00c9PIN FORTIN CONSTRUCTION met tout en \u0153uvre pour r\u00e9pondre \u00e0 [&hellip;]\" \/>\n<meta property=\"og:url\" content=\"https:\/\/www.pepinfortin.com\/fr\/a-propos\/equipe\/\" \/>\n<meta property=\"og:site_name\" content=\"P\u00e9pin Fortin Construction\" \/>\n<meta property=\"article:publisher\" content=\"https:\/\/www.facebook.com\/pepinfortinconstruction\" \/>\n<meta property=\"article:modified_time\" content=\"2023-04-25T13:28:45+00:00\" \/>\n<meta name=\"twitter:card\" content=\"summary_large_image\" \/>\n<meta name=\"twitter:label1\" content=\"Dur\u00e9e de lecture estim\u00e9e\" \/>\n\t<meta name=\"twitter:data1\" content=\"1 minute\" \/>\n<script type=\"application\/ld+json\" class=\"yoast-schema-graph\">{\"@context\":\"https:\\\/\\\/schema.org\",\"@graph\":[{\"@type\":\"WebPage\",\"@id\":\"https:\\\/\\\/www.pepinfortin.com\\\/fr\\\/a-propos\\\/equipe\\\/\",\"url\":\"https:\\\/\\\/www.pepinfortin.com\\\/fr\\\/a-propos\\\/equipe\\\/\",\"name\":\"Notre \u00e9quipe - P\u00e9pin Fortin Construction\",\"isPartOf\":{\"@id\":\"https:\\\/\\\/www.pepinfortin.com\\\/fr\\\/#website\"},\"datePublished\":\"2018-12-17T16:08:02+00:00\",\"dateModified\":\"2023-04-25T13:28:45+00:00\",\"breadcrumb\":{\"@id\":\"https:\\\/\\\/www.pepinfortin.com\\\/fr\\\/a-propos\\\/equipe\\\/#breadcrumb\"},\"inLanguage\":\"fr-FR\",\"potentialAction\":[{\"@type\":\"ReadAction\",\"target\":[\"https:\\\/\\\/www.pepinfortin.com\\\/fr\\\/a-propos\\\/equipe\\\/\"]}]},{\"@type\":\"BreadcrumbList\",\"@id\":\"https:\\\/\\\/www.pepinfortin.com\\\/fr\\\/a-propos\\\/equipe\\\/#breadcrumb\",\"itemListElement\":[{\"@type\":\"ListItem\",\"position\":1,\"name\":\"Accueil\",\"item\":\"https:\\\/\\\/www.pepinfortin.com\\\/fr\\\/\"},{\"@type\":\"ListItem\",\"position\":2,\"name\":\"\u00c0 propos\",\"item\":\"https:\\\/\\\/www.pepinfortin.com\\\/fr\\\/a-propos\\\/\"},{\"@type\":\"ListItem\",\"position\":3,\"name\":\"Notre \u00e9quipe\"}]},{\"@type\":\"WebSite\",\"@id\":\"https:\\\/\\\/www.pepinfortin.com\\\/fr\\\/#website\",\"url\":\"https:\\\/\\\/www.pepinfortin.com\\\/fr\\\/\",\"name\":\"P\u00e9pin Fortin Construction\",\"description\":\"Entrepreneur g\u00e9n\u00e9ral sur projets d&#039;envergure\",\"publisher\":{\"@id\":\"https:\\\/\\\/www.pepinfortin.com\\\/fr\\\/#organization\"},\"potentialAction\":[{\"@type\":\"SearchAction\",\"target\":{\"@type\":\"EntryPoint\",\"urlTemplate\":\"https:\\\/\\\/www.pepinfortin.com\\\/fr\\\/?s={search_term_string}\"},\"query-input\":{\"@type\":\"PropertyValueSpecification\",\"valueRequired\":true,\"valueName\":\"search_term_string\"}}],\"inLanguage\":\"fr-FR\"},{\"@type\":\"Organization\",\"@id\":\"https:\\\/\\\/www.pepinfortin.com\\\/fr\\\/#organization\",\"name\":\"P\u00e9pin Fortin Construction\",\"url\":\"https:\\\/\\\/www.pepinfortin.com\\\/fr\\\/\",\"logo\":{\"@type\":\"ImageObject\",\"inLanguage\":\"fr-FR\",\"@id\":\"https:\\\/\\\/www.pepinfortin.com\\\/fr\\\/#\\\/schema\\\/logo\\\/image\\\/\",\"url\":\"https:\\\/\\\/www.pepinfortin.com\\\/wp-content\\\/uploads\\\/2021\\\/08\\\/PepinFortin_logo_Vertical-e1629383009540.png\",\"contentUrl\":\"https:\\\/\\\/www.pepinfortin.com\\\/wp-content\\\/uploads\\\/2021\\\/08\\\/PepinFortin_logo_Vertical-e1629383009540.png\",\"width\":300,\"height\":205,\"caption\":\"P\u00e9pin Fortin Construction\"},\"image\":{\"@id\":\"https:\\\/\\\/www.pepinfortin.com\\\/fr\\\/#\\\/schema\\\/logo\\\/image\\\/\"},\"sameAs\":[\"https:\\\/\\\/www.facebook.com\\\/pepinfortinconstruction\",\"https:\\\/\\\/www.linkedin.com\\\/company\\\/ppin-fortin-construction\\\/\"]}]}<\/script>\n<!-- \/ Yoast SEO plugin. -->","yoast_head_json":{"title":"Notre \u00e9quipe - P\u00e9pin Fortin Construction","robots":{"index":"index","follow":"follow","max-snippet":"max-snippet:-1","max-image-preview":"max-image-preview:large","max-video-preview":"max-video-preview:-1"},"canonical":"https:\/\/www.pepinfortin.com\/fr\/a-propos\/equipe\/","og_locale":"fr_FR","og_type":"article","og_title":"Notre \u00e9quipe - P\u00e9pin Fortin Construction","og_description":"Toute notre \u00e9quipe fait preuve de d\u00e9vouement et de professionnalisme pour mener \u00e0 bien votre projet, qu&rsquo;il soit \u00e0 prix forfaitaire, cl\u00e9 en main ou en gestion \u00e0 co\u00fbts contr\u00f4l\u00e9s, P\u00c9PIN FORTIN CONSTRUCTION met tout en \u0153uvre pour r\u00e9pondre \u00e0 [&hellip;]","og_url":"https:\/\/www.pepinfortin.com\/fr\/a-propos\/equipe\/","og_site_name":"P\u00e9pin Fortin Construction","article_publisher":"https:\/\/www.facebook.com\/pepinfortinconstruction","article_modified_time":"2023-04-25T13:28:45+00:00","twitter_card":"summary_large_image","twitter_misc":{"Dur\u00e9e de lecture estim\u00e9e":"1 minute"},"schema":{"@context":"https:\/\/schema.org","@graph":[{"@type":"WebPage","@id":"https:\/\/www.pepinfortin.com\/fr\/a-propos\/equipe\/","url":"https:\/\/www.pepinfortin.com\/fr\/a-propos\/equipe\/","name":"Notre \u00e9quipe - P\u00e9pin Fortin Construction","isPartOf":{"@id":"https:\/\/www.pepinfortin.com\/fr\/#website"},"datePublished":"2018-12-17T16:08:02+00:00","dateModified":"2023-04-25T13:28:45+00:00","breadcrumb":{"@id":"https:\/\/www.pepinfortin.com\/fr\/a-propos\/equipe\/#breadcrumb"},"inLanguage":"fr-FR","potentialAction":[{"@type":"ReadAction","target":["https:\/\/www.pepinfortin.com\/fr\/a-propos\/equipe\/"]}]},{"@type":"BreadcrumbList","@id":"https:\/\/www.pepinfortin.com\/fr\/a-propos\/equipe\/#breadcrumb","itemListElement":[{"@type":"ListItem","position":1,"name":"Accueil","item":"https:\/\/www.pepinfortin.com\/fr\/"},{"@type":"ListItem","position":2,"name":"\u00c0 propos","item":"https:\/\/www.pepinfortin.com\/fr\/a-propos\/"},{"@type":"ListItem","position":3,"name":"Notre \u00e9quipe"}]},{"@type":"WebSite","@id":"https:\/\/www.pepinfortin.com\/fr\/#website","url":"https:\/\/www.pepinfortin.com\/fr\/","name":"P\u00e9pin Fortin Construction","description":"Entrepreneur g\u00e9n\u00e9ral sur projets d&#039;envergure","publisher":{"@id":"https:\/\/www.pepinfortin.com\/fr\/#organization"},"potentialAction":[{"@type":"SearchAction","target":{"@type":"EntryPoint","urlTemplate":"https:\/\/www.pepinfortin.com\/fr\/?s={search_term_string}"},"query-input":{"@type":"PropertyValueSpecification","valueRequired":true,"valueName":"search_term_string"}}],"inLanguage":"fr-FR"},{"@type":"Organization","@id":"https:\/\/www.pepinfortin.com\/fr\/#organization","name":"P\u00e9pin Fortin Construction","url":"https:\/\/www.pepinfortin.com\/fr\/","logo":{"@type":"ImageObject","inLanguage":"fr-FR","@id":"https:\/\/www.pepinfortin.com\/fr\/#\/schema\/logo\/image\/","url":"https:\/\/www.pepinfortin.com\/wp-content\/uploads\/2021\/08\/PepinFortin_logo_Vertical-e1629383009540.png","contentUrl":"https:\/\/www.pepinfortin.com\/wp-content\/uploads\/2021\/08\/PepinFortin_logo_Vertical-e1629383009540.png","width":300,"height":205,"caption":"P\u00e9pin Fortin Construction"},"image":{"@id":"https:\/\/www.pepinfortin.com\/fr\/#\/schema\/logo\/image\/"},"sameAs":["https:\/\/www.facebook.com\/pepinfortinconstruction","https:\/\/www.linkedin.com\/company\/ppin-fortin-construction\/"]}]}},"_links":{"self":[{"href":"https:\/\/www.pepinfortin.com\/fr\/wp-json\/wp\/v2\/pages\/1501","targetHints":{"allow":["GET"]}}],"collection":[{"href":"https:\/\/www.pepinfortin.com\/fr\/wp-json\/wp\/v2\/pages"}],"about":[{"href":"https:\/\/www.pepinfortin.com\/fr\/wp-json\/wp\/v2\/types\/page"}],"author":[{"embeddable":true,"href":"https:\/\/www.pepinfortin.com\/fr\/wp-json\/wp\/v2\/users\/1"}],"replies":[{"embeddable":true,"href":"https:\/\/www.pepinfortin.com\/fr\/wp-json\/wp\/v2\/comments?post=1501"}],"version-history":[{"count":35,"href":"https:\/\/www.pepinfortin.com\/fr\/wp-json\/wp\/v2\/pages\/1501\/revisions"}],"predecessor-version":[{"id":11188,"href":"https:\/\/www.pepinfortin.com\/fr\/wp-json\/wp\/v2\/pages\/1501\/revisions\/11188"}],"up":[{"embeddable":true,"href":"https:\/\/www.pepinfortin.com\/fr\/wp-json\/wp\/v2\/pages\/1458"}],"wp:attachment":[{"href":"https:\/\/www.pepinfortin.com\/fr\/wp-json\/wp\/v2\/media?parent=1501"}],"curies":[{"name":"wp","href":"https:\/\/api.w.org\/{rel}","templated":true}]}}