{"id":10171,"date":"2022-04-22T11:18:28","date_gmt":"2022-04-22T15:18:28","guid":{"rendered":"https:\/\/www.pepinfortin.com\/?page_id=10171"},"modified":"2026-02-02T10:18:27","modified_gmt":"2026-02-02T15:18:27","slug":"contrats-cle-en-main","status":"publish","type":"page","link":"https:\/\/www.pepinfortin.com\/fr\/contrats-cle-en-main\/","title":{"rendered":"Contrats cl\u00e9 en main"},"content":{"rendered":"\t\t<div data-elementor-type=\"wp-page\" data-elementor-id=\"10171\" class=\"elementor elementor-10171\">\n\t\t\t\t\t\t<section class=\"elementor-section elementor-top-section elementor-element elementor-element-85c36ed elementor-section-boxed elementor-section-height-default elementor-section-height-default mkdf-parallax-row-no mkdf-content-aligment-left mkdf-elementor-row-grid-no mkdf-disabled-bg-image-bellow-no mkdf-row-btt-light\" data-id=\"85c36ed\" data-element_type=\"section\" data-e-type=\"section\">\n\t\t\t\t\t\t<div class=\"elementor-container elementor-column-gap-default\">\n\t\t\t\t\t<div class=\"elementor-column elementor-col-100 elementor-top-column elementor-element elementor-element-e084203\" data-id=\"e084203\" data-element_type=\"column\" data-e-type=\"column\">\n\t\t\t<div class=\"elementor-widget-wrap elementor-element-populated\">\n\t\t\t\t\t\t<section class=\"elementor-section elementor-inner-section elementor-element elementor-element-dd6edc2 elementor-section-boxed elementor-section-height-default elementor-section-height-default mkdf-parallax-row-no mkdf-content-aligment-left mkdf-elementor-row-grid-no mkdf-disabled-bg-image-bellow-no mkdf-row-btt-light\" data-id=\"dd6edc2\" data-element_type=\"section\" data-e-type=\"section\">\n\t\t\t\t\t\t<div class=\"elementor-container elementor-column-gap-default\">\n\t\t\t\t\t<div class=\"elementor-column elementor-col-50 elementor-inner-column elementor-element elementor-element-58ef560\" data-id=\"58ef560\" data-element_type=\"column\" data-e-type=\"column\">\n\t\t\t<div class=\"elementor-widget-wrap elementor-element-populated\">\n\t\t\t\t\t\t<div class=\"elementor-element elementor-element-c5c0910 elementor-widget elementor-widget-text-editor\" data-id=\"c5c0910\" data-element_type=\"widget\" data-e-type=\"widget\" data-widget_type=\"text-editor.default\">\n\t\t\t\t<div class=\"elementor-widget-container\">\n\t\t\t\t\t\t\t\t\t<p>Ce type de contrat convient \u00e0 un client d\u00e9sireux de r\u00e9aliser rapidement un projet tout en \u00e9vitant d&rsquo;y consacrer tout son temps et toute son \u00e9nergie. Vous nous faites part de tous vos besoins et notre \u00e9quipe met tout en \u0153uvre pour satisfaire vos attentes. Un devis et des plans pr\u00e9liminaires sont \u00e9labor\u00e9s, tout en respectant votre budget. D\u00e8s lors, vous n&rsquo;avez plus \u00e0 vous inqui\u00e9ter de la bonne ex\u00e9cution de votre projet, et ce, de la conception \u00e0 la livraison.<\/p>\n<p>Nous nous occupons de tout : les aspects l\u00e9gaux, la r\u00e9glementation en vigueur, les permis et tout autre \u00e9l\u00e9ment connexe. Nous avons la r\u00e9putation d&rsquo;entretenir d&rsquo;excellentes relations avec nos sous-traitants. <\/p>\n<p>Comment y parvenons-nous? Lors d&rsquo;un projet cl\u00e9 en main, nous les choisissons avec soin, selon leurs comp\u00e9tences et leurs crit\u00e8res d&rsquo;excellence, nous leur t\u00e9moignons un respect sinc\u00e8re, nous \u00e9tablissons les bases d&rsquo;un dialogue ouvert et transparent et nous nous assurons de leur fournir les conditions favorables \u00e0 l&rsquo;ex\u00e9cution de leurs travaux. <\/p>\n<p>Si vous \u00eates entrepreneur sp\u00e9cialis\u00e9 et que vous souhaitez devenir l&rsquo;un de nos partenaires pour l&rsquo;ex\u00e9cution d&rsquo;un projet cl\u00e9 en main, transmettez-nous vos coordonn\u00e9es ou votre brochure d&rsquo;entreprise.<\/p>\n<p>Voici nos coordonn\u00e9es :<\/p><p>P\u00c9PIN FORTIN CONSTRUCTION<br>372, avenue Pie-X<br>Saint-Christophe d&rsquo;Arthabaska (Qu\u00e9bec) G6R 0M2<br>T\u00e9l\u00e9phone : 819 357-9274<br>Communiquez avec nous par courriel<\/p><p>Nous vous remercions de l&rsquo;int\u00e9r\u00eat que vous portez \u00e0 notre entreprise.<\/p>\t\t\t\t\t\t\t\t<\/div>\n\t\t\t\t<\/div>\n\t\t\t\t\t<\/div>\n\t\t<\/div>\n\t\t\t\t<div class=\"elementor-column elementor-col-50 elementor-inner-column elementor-element elementor-element-1a0f8de\" data-id=\"1a0f8de\" data-element_type=\"column\" data-e-type=\"column\">\n\t\t\t<div class=\"elementor-widget-wrap elementor-element-populated\">\n\t\t\t\t\t\t<div class=\"elementor-element elementor-element-2c9a784 mkdf-appearing-section mkdf-eh-item-project elementor-widget elementor-widget-image\" data-id=\"2c9a784\" data-element_type=\"widget\" data-e-type=\"widget\" data-widget_type=\"image.default\">\n\t\t\t\t<div class=\"elementor-widget-container\">\n\t\t\t\t\t\t\t\t\t\t\t\t\t\t\t<img fetchpriority=\"high\" decoding=\"async\" width=\"1920\" height=\"1080\" src=\"https:\/\/www.pepinfortin.com\/wp-content\/uploads\/2022\/01\/Slide-5.webp\" class=\"attachment-full size-full wp-image-9734\" alt=\"\" srcset=\"https:\/\/www.pepinfortin.com\/wp-content\/uploads\/2022\/01\/Slide-5.webp 1920w, https:\/\/www.pepinfortin.com\/wp-content\/uploads\/2022\/01\/Slide-5-300x169.webp 300w, https:\/\/www.pepinfortin.com\/wp-content\/uploads\/2022\/01\/Slide-5-1024x576.webp 1024w, https:\/\/www.pepinfortin.com\/wp-content\/uploads\/2022\/01\/Slide-5-768x432.webp 768w, https:\/\/www.pepinfortin.com\/wp-content\/uploads\/2022\/01\/Slide-5-1536x864.webp 1536w\" sizes=\"(max-width: 1920px) 100vw, 1920px\" \/>\t\t\t\t\t\t\t\t\t\t\t\t\t\t\t<\/div>\n\t\t\t\t<\/div>\n\t\t\t\t\t<\/div>\n\t\t<\/div>\n\t\t\t\t\t<\/div>\n\t\t<\/section>\n\t\t\t\t\t<\/div>\n\t\t<\/div>\n\t\t\t\t\t<\/div>\n\t\t<\/section>\n\t\t\t\t<\/div>\n\t\t","protected":false},"excerpt":{"rendered":"<p>Ce type de contrat convient \u00e0 un client d\u00e9sireux de r\u00e9aliser rapidement un projet tout en \u00e9vitant d&rsquo;y consacrer tout son temps et toute son \u00e9nergie. Vous nous faites part de tous vos besoins et notre \u00e9quipe met tout en [&hellip;]<\/p>\n","protected":false},"author":1,"featured_media":0,"parent":0,"menu_order":0,"comment_status":"closed","ping_status":"closed","template":"","meta":{"footnotes":""},"class_list":["post-10171","page","type-page","status-publish","hentry"],"yoast_head":"<!-- This site is optimized with the Yoast SEO plugin v27.6 - https:\/\/yoast.com\/product\/yoast-seo-wordpress\/ -->\n<title>Contrats cl\u00e9 en main - P\u00e9pin Fortin Construction<\/title>\n<meta name=\"robots\" content=\"index, follow, max-snippet:-1, max-image-preview:large, max-video-preview:-1\" \/>\n<link rel=\"canonical\" href=\"https:\/\/www.pepinfortin.com\/fr\/contrats-cle-en-main\/\" \/>\n<meta property=\"og:locale\" content=\"fr_FR\" \/>\n<meta property=\"og:type\" content=\"article\" \/>\n<meta property=\"og:title\" content=\"Contrats cl\u00e9 en main - P\u00e9pin Fortin Construction\" \/>\n<meta property=\"og:description\" content=\"Ce type de contrat convient \u00e0 un client d\u00e9sireux de r\u00e9aliser rapidement un projet tout en \u00e9vitant d&rsquo;y consacrer tout son temps et toute son \u00e9nergie. Vous nous faites part de tous vos besoins et notre \u00e9quipe met tout en [&hellip;]\" \/>\n<meta property=\"og:url\" content=\"https:\/\/www.pepinfortin.com\/fr\/contrats-cle-en-main\/\" \/>\n<meta property=\"og:site_name\" content=\"P\u00e9pin Fortin Construction\" \/>\n<meta property=\"article:publisher\" content=\"https:\/\/www.facebook.com\/pepinfortinconstruction\" \/>\n<meta property=\"article:modified_time\" content=\"2026-02-02T15:18:27+00:00\" \/>\n<meta property=\"og:image\" content=\"https:\/\/www.pepinfortin.com\/wp-content\/uploads\/2022\/01\/Slide-5.webp\" \/>\n\t<meta property=\"og:image:width\" content=\"1920\" \/>\n\t<meta property=\"og:image:height\" content=\"1080\" \/>\n\t<meta property=\"og:image:type\" content=\"image\/webp\" \/>\n<meta name=\"twitter:card\" content=\"summary_large_image\" \/>\n<meta name=\"twitter:label1\" content=\"Dur\u00e9e de lecture estim\u00e9e\" \/>\n\t<meta name=\"twitter:data1\" content=\"2 minutes\" \/>\n<script type=\"application\/ld+json\" class=\"yoast-schema-graph\">{\"@context\":\"https:\\\/\\\/schema.org\",\"@graph\":[{\"@type\":\"WebPage\",\"@id\":\"https:\\\/\\\/www.pepinfortin.com\\\/fr\\\/contrats-cle-en-main\\\/\",\"url\":\"https:\\\/\\\/www.pepinfortin.com\\\/fr\\\/contrats-cle-en-main\\\/\",\"name\":\"Contrats cl\u00e9 en main - P\u00e9pin Fortin Construction\",\"isPartOf\":{\"@id\":\"https:\\\/\\\/www.pepinfortin.com\\\/fr\\\/#website\"},\"primaryImageOfPage\":{\"@id\":\"https:\\\/\\\/www.pepinfortin.com\\\/fr\\\/contrats-cle-en-main\\\/#primaryimage\"},\"image\":{\"@id\":\"https:\\\/\\\/www.pepinfortin.com\\\/fr\\\/contrats-cle-en-main\\\/#primaryimage\"},\"thumbnailUrl\":\"https:\\\/\\\/www.pepinfortin.com\\\/wp-content\\\/uploads\\\/2022\\\/01\\\/Slide-5.webp\",\"datePublished\":\"2022-04-22T15:18:28+00:00\",\"dateModified\":\"2026-02-02T15:18:27+00:00\",\"breadcrumb\":{\"@id\":\"https:\\\/\\\/www.pepinfortin.com\\\/fr\\\/contrats-cle-en-main\\\/#breadcrumb\"},\"inLanguage\":\"fr-FR\",\"potentialAction\":[{\"@type\":\"ReadAction\",\"target\":[\"https:\\\/\\\/www.pepinfortin.com\\\/fr\\\/contrats-cle-en-main\\\/\"]}]},{\"@type\":\"ImageObject\",\"inLanguage\":\"fr-FR\",\"@id\":\"https:\\\/\\\/www.pepinfortin.com\\\/fr\\\/contrats-cle-en-main\\\/#primaryimage\",\"url\":\"https:\\\/\\\/www.pepinfortin.com\\\/wp-content\\\/uploads\\\/2022\\\/01\\\/Slide-5.webp\",\"contentUrl\":\"https:\\\/\\\/www.pepinfortin.com\\\/wp-content\\\/uploads\\\/2022\\\/01\\\/Slide-5.webp\"},{\"@type\":\"BreadcrumbList\",\"@id\":\"https:\\\/\\\/www.pepinfortin.com\\\/fr\\\/contrats-cle-en-main\\\/#breadcrumb\",\"itemListElement\":[{\"@type\":\"ListItem\",\"position\":1,\"name\":\"Accueil\",\"item\":\"https:\\\/\\\/www.pepinfortin.com\\\/fr\\\/\"},{\"@type\":\"ListItem\",\"position\":2,\"name\":\"Contrats cl\u00e9 en main\"}]},{\"@type\":\"WebSite\",\"@id\":\"https:\\\/\\\/www.pepinfortin.com\\\/fr\\\/#website\",\"url\":\"https:\\\/\\\/www.pepinfortin.com\\\/fr\\\/\",\"name\":\"P\u00e9pin Fortin Construction\",\"description\":\"Entrepreneur g\u00e9n\u00e9ral sur projets d&#039;envergure\",\"publisher\":{\"@id\":\"https:\\\/\\\/www.pepinfortin.com\\\/fr\\\/#organization\"},\"potentialAction\":[{\"@type\":\"SearchAction\",\"target\":{\"@type\":\"EntryPoint\",\"urlTemplate\":\"https:\\\/\\\/www.pepinfortin.com\\\/fr\\\/?s={search_term_string}\"},\"query-input\":{\"@type\":\"PropertyValueSpecification\",\"valueRequired\":true,\"valueName\":\"search_term_string\"}}],\"inLanguage\":\"fr-FR\"},{\"@type\":\"Organization\",\"@id\":\"https:\\\/\\\/www.pepinfortin.com\\\/fr\\\/#organization\",\"name\":\"P\u00e9pin Fortin Construction\",\"url\":\"https:\\\/\\\/www.pepinfortin.com\\\/fr\\\/\",\"logo\":{\"@type\":\"ImageObject\",\"inLanguage\":\"fr-FR\",\"@id\":\"https:\\\/\\\/www.pepinfortin.com\\\/fr\\\/#\\\/schema\\\/logo\\\/image\\\/\",\"url\":\"https:\\\/\\\/www.pepinfortin.com\\\/wp-content\\\/uploads\\\/2021\\\/08\\\/PepinFortin_logo_Vertical-e1629383009540.png\",\"contentUrl\":\"https:\\\/\\\/www.pepinfortin.com\\\/wp-content\\\/uploads\\\/2021\\\/08\\\/PepinFortin_logo_Vertical-e1629383009540.png\",\"width\":300,\"height\":205,\"caption\":\"P\u00e9pin Fortin Construction\"},\"image\":{\"@id\":\"https:\\\/\\\/www.pepinfortin.com\\\/fr\\\/#\\\/schema\\\/logo\\\/image\\\/\"},\"sameAs\":[\"https:\\\/\\\/www.facebook.com\\\/pepinfortinconstruction\",\"https:\\\/\\\/www.linkedin.com\\\/company\\\/ppin-fortin-construction\\\/\"]}]}<\/script>\n<!-- \/ Yoast SEO plugin. -->","yoast_head_json":{"title":"Contrats cl\u00e9 en main - P\u00e9pin Fortin Construction","robots":{"index":"index","follow":"follow","max-snippet":"max-snippet:-1","max-image-preview":"max-image-preview:large","max-video-preview":"max-video-preview:-1"},"canonical":"https:\/\/www.pepinfortin.com\/fr\/contrats-cle-en-main\/","og_locale":"fr_FR","og_type":"article","og_title":"Contrats cl\u00e9 en main - P\u00e9pin Fortin Construction","og_description":"Ce type de contrat convient \u00e0 un client d\u00e9sireux de r\u00e9aliser rapidement un projet tout en \u00e9vitant d&rsquo;y consacrer tout son temps et toute son \u00e9nergie. Vous nous faites part de tous vos besoins et notre \u00e9quipe met tout en [&hellip;]","og_url":"https:\/\/www.pepinfortin.com\/fr\/contrats-cle-en-main\/","og_site_name":"P\u00e9pin Fortin Construction","article_publisher":"https:\/\/www.facebook.com\/pepinfortinconstruction","article_modified_time":"2026-02-02T15:18:27+00:00","og_image":[{"width":1920,"height":1080,"url":"https:\/\/www.pepinfortin.com\/wp-content\/uploads\/2022\/01\/Slide-5.webp","type":"image\/webp"}],"twitter_card":"summary_large_image","twitter_misc":{"Dur\u00e9e de lecture estim\u00e9e":"2 minutes"},"schema":{"@context":"https:\/\/schema.org","@graph":[{"@type":"WebPage","@id":"https:\/\/www.pepinfortin.com\/fr\/contrats-cle-en-main\/","url":"https:\/\/www.pepinfortin.com\/fr\/contrats-cle-en-main\/","name":"Contrats cl\u00e9 en main - P\u00e9pin Fortin Construction","isPartOf":{"@id":"https:\/\/www.pepinfortin.com\/fr\/#website"},"primaryImageOfPage":{"@id":"https:\/\/www.pepinfortin.com\/fr\/contrats-cle-en-main\/#primaryimage"},"image":{"@id":"https:\/\/www.pepinfortin.com\/fr\/contrats-cle-en-main\/#primaryimage"},"thumbnailUrl":"https:\/\/www.pepinfortin.com\/wp-content\/uploads\/2022\/01\/Slide-5.webp","datePublished":"2022-04-22T15:18:28+00:00","dateModified":"2026-02-02T15:18:27+00:00","breadcrumb":{"@id":"https:\/\/www.pepinfortin.com\/fr\/contrats-cle-en-main\/#breadcrumb"},"inLanguage":"fr-FR","potentialAction":[{"@type":"ReadAction","target":["https:\/\/www.pepinfortin.com\/fr\/contrats-cle-en-main\/"]}]},{"@type":"ImageObject","inLanguage":"fr-FR","@id":"https:\/\/www.pepinfortin.com\/fr\/contrats-cle-en-main\/#primaryimage","url":"https:\/\/www.pepinfortin.com\/wp-content\/uploads\/2022\/01\/Slide-5.webp","contentUrl":"https:\/\/www.pepinfortin.com\/wp-content\/uploads\/2022\/01\/Slide-5.webp"},{"@type":"BreadcrumbList","@id":"https:\/\/www.pepinfortin.com\/fr\/contrats-cle-en-main\/#breadcrumb","itemListElement":[{"@type":"ListItem","position":1,"name":"Accueil","item":"https:\/\/www.pepinfortin.com\/fr\/"},{"@type":"ListItem","position":2,"name":"Contrats cl\u00e9 en main"}]},{"@type":"WebSite","@id":"https:\/\/www.pepinfortin.com\/fr\/#website","url":"https:\/\/www.pepinfortin.com\/fr\/","name":"P\u00e9pin Fortin Construction","description":"Entrepreneur g\u00e9n\u00e9ral sur projets d&#039;envergure","publisher":{"@id":"https:\/\/www.pepinfortin.com\/fr\/#organization"},"potentialAction":[{"@type":"SearchAction","target":{"@type":"EntryPoint","urlTemplate":"https:\/\/www.pepinfortin.com\/fr\/?s={search_term_string}"},"query-input":{"@type":"PropertyValueSpecification","valueRequired":true,"valueName":"search_term_string"}}],"inLanguage":"fr-FR"},{"@type":"Organization","@id":"https:\/\/www.pepinfortin.com\/fr\/#organization","name":"P\u00e9pin Fortin Construction","url":"https:\/\/www.pepinfortin.com\/fr\/","logo":{"@type":"ImageObject","inLanguage":"fr-FR","@id":"https:\/\/www.pepinfortin.com\/fr\/#\/schema\/logo\/image\/","url":"https:\/\/www.pepinfortin.com\/wp-content\/uploads\/2021\/08\/PepinFortin_logo_Vertical-e1629383009540.png","contentUrl":"https:\/\/www.pepinfortin.com\/wp-content\/uploads\/2021\/08\/PepinFortin_logo_Vertical-e1629383009540.png","width":300,"height":205,"caption":"P\u00e9pin Fortin Construction"},"image":{"@id":"https:\/\/www.pepinfortin.com\/fr\/#\/schema\/logo\/image\/"},"sameAs":["https:\/\/www.facebook.com\/pepinfortinconstruction","https:\/\/www.linkedin.com\/company\/ppin-fortin-construction\/"]}]}},"_links":{"self":[{"href":"https:\/\/www.pepinfortin.com\/fr\/wp-json\/wp\/v2\/pages\/10171","targetHints":{"allow":["GET"]}}],"collection":[{"href":"https:\/\/www.pepinfortin.com\/fr\/wp-json\/wp\/v2\/pages"}],"about":[{"href":"https:\/\/www.pepinfortin.com\/fr\/wp-json\/wp\/v2\/types\/page"}],"author":[{"embeddable":true,"href":"https:\/\/www.pepinfortin.com\/fr\/wp-json\/wp\/v2\/users\/1"}],"replies":[{"embeddable":true,"href":"https:\/\/www.pepinfortin.com\/fr\/wp-json\/wp\/v2\/comments?post=10171"}],"version-history":[{"count":13,"href":"https:\/\/www.pepinfortin.com\/fr\/wp-json\/wp\/v2\/pages\/10171\/revisions"}],"predecessor-version":[{"id":11348,"href":"https:\/\/www.pepinfortin.com\/fr\/wp-json\/wp\/v2\/pages\/10171\/revisions\/11348"}],"wp:attachment":[{"href":"https:\/\/www.pepinfortin.com\/fr\/wp-json\/wp\/v2\/media?parent=10171"}],"curies":[{"name":"wp","href":"https:\/\/api.w.org\/{rel}","templated":true}]}}